{"id":1816,"date":"2021-10-18T14:56:42","date_gmt":"2021-10-18T14:56:42","guid":{"rendered":"https:\/\/nimbox.com\/?page_id=1816"},"modified":"2022-06-27T16:18:35","modified_gmt":"2022-06-27T16:18:35","slug":"sobre-nimbox","status":"publish","type":"page","link":"https:\/\/nimbox.com\/es-do\/landing\/sobre-nimbox\/","title":{"rendered":"Sobre Nimbox"},"content":{"rendered":"<p>[et_pb_section fb_built=\"1&#8243; _builder_version=\"4.17.4&#8243; _module_preset=\"default\" background_color=\"rgba(0,96,127,0.24)\" background_image=\"https:\/\/nimbox.com\/wp-content\/uploads\/2022\/06\/Team-work.jpeg\" background_blend=\"overlay\" hover_enabled=\"0&#8243; da_disable_devices=\"off|off|off\" global_colors_info=\"{}\" sticky_enabled=\"0&#8243; da_is_popup=\"off\" da_exit_intent=\"off\" da_has_close=\"on\" da_alt_close=\"off\" da_dark_close=\"off\" da_not_modal=\"on\" da_is_singular=\"off\" da_with_loader=\"off\" da_has_shadow=\"on\"][et_pb_row _builder_version=\"4.17.4&#8243; _module_preset=\"default\" custom_margin=\"50px||50px||true|false\" global_colors_info=\"{}\"][et_pb_column type=\"4_4&#8243; _builder_version=\"4.17.4&#8243; _module_preset=\"default\" global_colors_info=\"{}\"][et_pb_image src=\"https:\/\/nimbox.com\/wp-content\/uploads\/2021\/10\/@Isabella-2021-10-25T165313.318-1.png\" title_text=\"@Isabella &#8211; 2021-10-25T165313.318&#8243; _builder_version=\"4.17.4&#8243; _module_preset=\"default\" width=\"100%\" max_width=\"70%\" module_alignment=\"center\" global_colors_info=\"{}\"][\/et_pb_image][et_pb_text _builder_version=\"4.17.4&#8243; _module_preset=\"default\" text_font=\"Gotham bold 1||||||||\" text_text_color=\"#FFFFFF\" text_font_size=\"15px\" text_orientation=\"center\" global_colors_info=\"{}\"]<\/p>\n<p>Nimbox es un innovador software que entiende el valor humano detr\u00e1s del trabajo&#8230;<\/p>\n<p>[\/et_pb_text][\/et_pb_column][\/et_pb_row][\/et_pb_section][et_pb_section fb_built=\"1&#8243; _builder_version=\"4.17.4&#8243; _module_preset=\"default\" background_color=\"rgba(0,0,0,0.16)\" background_image=\"https:\/\/nimbox.com\/wp-content\/uploads\/2021\/02\/banner-home.jpg\" background_blend=\"overlay\" background_enable_mask_style=\"on\" background_mask_style=\"caret\" background_mask_color=\"#00607F\" background_mask_blend_mode=\"multiply\" da_disable_devices=\"off|off|off\" global_colors_info=\"{}\" da_is_popup=\"off\" da_exit_intent=\"off\" da_has_close=\"on\" da_alt_close=\"off\" da_dark_close=\"off\" da_not_modal=\"on\" da_is_singular=\"off\" da_with_loader=\"off\" da_has_shadow=\"on\"][et_pb_row column_structure=\"1_2,1_2&#8243; _builder_version=\"4.17.4&#8243; _module_preset=\"default\" global_colors_info=\"{}\"][et_pb_column type=\"1_2&#8243; _builder_version=\"4.17.4&#8243; _module_preset=\"default\" global_colors_info=\"{}\"][et_pb_text _builder_version=\"4.17.4&#8243; _module_preset=\"default\" text_font=\"Gotham Black||||||||\" text_text_color=\"#FFFFFF\" text_font_size=\"15px\" header_text_color=\"#FFFFFF\" global_colors_info=\"{}\"]<\/p>\n<h1>\u00a1Agenda una demostraci\u00f3n gratuita con nosotros!<\/h1>\n<p>[\/et_pb_text][et_pb_text _builder_version=\"4.17.4&#8243; _module_preset=\"default\" text_text_color=\"#FFFFFF\" header_text_color=\"#FFFFFF\" global_colors_info=\"{}\"]<\/p>\n<p>Te ofrecemos una reuni\u00f3n con nuestros representantes de venta para que conozcas los beneficios que puede traer las aplicaciones de Nimbox a tu negocio. Evalua el estado actual de tu gesti\u00f3n y conoce:<\/p>\n<p>[\/et_pb_text][et_pb_text _builder_version=\"4.17.4&#8243; _module_preset=\"default\" text_text_color=\"#FFFFFF\" header_text_color=\"#FFFFFF\" global_colors_info=\"{}\"]<\/p>\n<ul>\n<li>C\u00f3mo puedes gestionar r\u00e1pidamente la situaci\u00f3n de cobranzas de tu negocio.\u00a0<\/li>\n<li>Visualizar la deuda de cada cliente para saber qu\u00e9 medidas de seguimiento tomar.\u00a0<\/li>\n<li>C\u00f3mo agilizar el proceso de env\u00edo de correos a los clientes.\u00a0<\/li>\n<li>C\u00f3mo organizar las labores del equipo de cobranzas.<\/li>\n<li>Detectar r\u00e1pidamente los problemas.\u00a0<\/li>\n<li>Detectar oportunidades de venta por medio de analisis de compra.\u00a0<\/li>\n<li>Como medir el desempe\u00f1o de los vendedores.<\/li>\n<li>Como crear estrategias de activaci\u00f3n de clientes.<\/li>\n<li>C\u00f3mo centralizar pedidos y pagos desde un solo lugar.<\/li>\n<li>C\u00f3mo utlizar plataforma de comunicaci\u00f3n entre departamentos.\u00a0<\/li>\n<\/ul>\n<p>[\/et_pb_text][\/et_pb_column][et_pb_column type=\"1_2&#8243; _builder_version=\"4.17.4&#8243; _module_preset=\"default\" global_colors_info=\"{}\"][et_pb_contact_form captcha=\"off\" email=\"info@nimbox.com\" custom_message=\"Formulario de contacto: Demo Gratuita||et_pb_line_break_holder||||et_pb_line_break_holder||Nombre: %%Name%%||et_pb_line_break_holder||Apellido: %%Last_Name%%||et_pb_line_break_holder||Celular: %%Phone%%||et_pb_line_break_holder||Direcci\u00f3n de correo: %%Email%%||et_pb_line_break_holder||Mensaje: %%Message%%||et_pb_line_break_holder||Cargo: %%Position%%||et_pb_line_break_holder||SA: %%SA%%||et_pb_line_break_holder||\" success_message=\"Gracias por confiar en Nimbox! Lo contactaremos en unos instantes.\" submit_button_text=\"Agendar\" _builder_version=\"4.17.4&#8243; _module_preset=\"default\" _unique_id=\"edbc86d2-6847-44be-9792-88de1aa4a8bc\" form_field_background_color=\"#FFFFFF\" form_field_custom_margin=\"20px|20px|2px|20px|false|true\" form_field_custom_padding=\"10px|10px|10px|10px|true|true\" title_font_size=\"26px\" form_field_font=\"Gotham Light||||||||\" form_field_text_align=\"left\" form_field_font_size=\"15px\" form_field_letter_spacing=\"2px\" form_field_line_height=\"1.6em\" background_color=\"#F05022&#8243; custom_button=\"on\" button_text_size=\"22px\" button_text_color=\"#00607F\" button_bg_color=\"#FFFFFF\" button_border_width=\"0px\" button_border_radius=\"4px\" button_font=\"Gotham Light||||||||\" button_icon_placement=\"left\" button_custom_margin=\"20px|20px|20px|20px|true|true\" max_width_tablet=\"100%\" max_width_phone=\"100%\" max_width_last_edited=\"off|tablet\" module_alignment=\"center\" custom_margin_tablet=\"|98px||98px|false|true\" custom_margin_phone=\"10px|10px|10px|10px|true|true\" custom_margin_last_edited=\"off|tablet\" border_radii=\"on|8px|8px|8px|8px\" border_width_all=\"0px\" border_color_all=\"#F05022&#8243; border_style_all=\"solid\" global_colors_info=\"{}\" hover_enabled=\"0&#8243; sticky_enabled=\"0&#8243;][et_pb_contact_field field_id=\"Name\" field_title=\"Nombre\" fullwidth_field=\"on\" _builder_version=\"4.17.4&#8243; hover_enabled=\"0&#8243; global_colors_info=\"{}\" button_text_size__hover_enabled=\"off\" button_one_text_size__hover_enabled=\"off\" button_two_text_size__hover_enabled=\"off\" button_text_color__hover_enabled=\"off\" button_one_text_color__hover_enabled=\"off\" button_two_text_color__hover_enabled=\"off\" button_border_width__hover_enabled=\"off\" button_one_border_width__hover_enabled=\"off\" button_two_border_width__hover_enabled=\"off\" button_border_color__hover_enabled=\"off\" button_one_border_color__hover_enabled=\"off\" button_two_border_color__hover_enabled=\"off\" button_border_radius__hover_enabled=\"off\" button_one_border_radius__hover_enabled=\"off\" button_two_border_radius__hover_enabled=\"off\" button_letter_spacing__hover_enabled=\"off\" button_one_letter_spacing__hover_enabled=\"off\" button_two_letter_spacing__hover_enabled=\"off\" button_bg_color__hover_enabled=\"off\" button_one_bg_color__hover_enabled=\"off\" button_two_bg_color__hover_enabled=\"off\" custom_margin=\"||||false|false\" custom_padding=\"20px||||false|false\" sticky_enabled=\"0&#8243;][\/et_pb_contact_field][et_pb_contact_field field_id=\"Last_Name\" field_title=\"Apellido\" fullwidth_field=\"on\" field_title_last_edited=\"off|tablet\" _builder_version=\"4.17.4&#8243; global_colors_info=\"{}\" button_text_size__hover_enabled=\"off\" button_one_text_size__hover_enabled=\"off\" button_two_text_size__hover_enabled=\"off\" button_text_color__hover_enabled=\"off\" button_one_text_color__hover_enabled=\"off\" button_two_text_color__hover_enabled=\"off\" button_border_width__hover_enabled=\"off\" button_one_border_width__hover_enabled=\"off\" button_two_border_width__hover_enabled=\"off\" button_border_color__hover_enabled=\"off\" button_one_border_color__hover_enabled=\"off\" button_two_border_color__hover_enabled=\"off\" button_border_radius__hover_enabled=\"off\" button_one_border_radius__hover_enabled=\"off\" button_two_border_radius__hover_enabled=\"off\" button_letter_spacing__hover_enabled=\"off\" button_one_letter_spacing__hover_enabled=\"off\" button_two_letter_spacing__hover_enabled=\"off\" button_bg_color__hover_enabled=\"off\" button_one_bg_color__hover_enabled=\"off\" button_two_bg_color__hover_enabled=\"off\"][\/et_pb_contact_field][et_pb_contact_field field_id=\"Phone\" field_title=\"Tel\u00e9fono\" allowed_symbols=\"numbers\" fullwidth_field=\"on\" _builder_version=\"4.17.4&#8243; global_colors_info=\"{}\" button_text_size__hover_enabled=\"off\" button_one_text_size__hover_enabled=\"off\" button_two_text_size__hover_enabled=\"off\" button_text_color__hover_enabled=\"off\" button_one_text_color__hover_enabled=\"off\" button_two_text_color__hover_enabled=\"off\" button_border_width__hover_enabled=\"off\" button_one_border_width__hover_enabled=\"off\" button_two_border_width__hover_enabled=\"off\" button_border_color__hover_enabled=\"off\" button_one_border_color__hover_enabled=\"off\" button_two_border_color__hover_enabled=\"off\" button_border_radius__hover_enabled=\"off\" button_one_border_radius__hover_enabled=\"off\" button_two_border_radius__hover_enabled=\"off\" button_letter_spacing__hover_enabled=\"off\" button_one_letter_spacing__hover_enabled=\"off\" button_two_letter_spacing__hover_enabled=\"off\" button_bg_color__hover_enabled=\"off\" button_one_bg_color__hover_enabled=\"off\" button_two_bg_color__hover_enabled=\"off\"][\/et_pb_contact_field][et_pb_contact_field field_id=\"Email\" field_title=\"Direcci\u00f3n de correo electr\u00f3nico\" field_type=\"email\" fullwidth_field=\"on\" _builder_version=\"4.17.4&#8243; form_field_font_size_tablet=\"\" form_field_font_size_phone=\"12px\" form_field_font_size_last_edited=\"on|phone\" global_colors_info=\"{}\" button_text_size__hover_enabled=\"off\" button_one_text_size__hover_enabled=\"off\" button_two_text_size__hover_enabled=\"off\" button_text_color__hover_enabled=\"off\" button_one_text_color__hover_enabled=\"off\" button_two_text_color__hover_enabled=\"off\" button_border_width__hover_enabled=\"off\" button_one_border_width__hover_enabled=\"off\" button_two_border_width__hover_enabled=\"off\" button_border_color__hover_enabled=\"off\" button_one_border_color__hover_enabled=\"off\" button_two_border_color__hover_enabled=\"off\" button_border_radius__hover_enabled=\"off\" button_one_border_radius__hover_enabled=\"off\" button_two_border_radius__hover_enabled=\"off\" button_letter_spacing__hover_enabled=\"off\" button_one_letter_spacing__hover_enabled=\"off\" button_two_letter_spacing__hover_enabled=\"off\" button_bg_color__hover_enabled=\"off\" button_one_bg_color__hover_enabled=\"off\" button_two_bg_color__hover_enabled=\"off\"][\/et_pb_contact_field][et_pb_contact_field field_id=\"Position\" field_title=\"Cargo\" field_type=\"select\" select_options=\"%91{%22value%22:%22Due\u00f1o%22,%22checked%22:0,%22dragID%22:-1},{%22value%22:%22Supervisor%22,%22checked%22:0,%22dragID%22:0},{%22value%22:%22Vendedor%22,%22checked%22:0,%22dragID%22:1},{%22value%22:%22Departamento de cobranzas%22,%22checked%22:0,%22dragID%22:2}%93&#8243; fullwidth_field=\"on\" _builder_version=\"4.17.4&#8243; global_colors_info=\"{}\" button_text_size__hover_enabled=\"off\" button_one_text_size__hover_enabled=\"off\" button_two_text_size__hover_enabled=\"off\" button_text_color__hover_enabled=\"off\" button_one_text_color__hover_enabled=\"off\" button_two_text_color__hover_enabled=\"off\" button_border_width__hover_enabled=\"off\" button_one_border_width__hover_enabled=\"off\" button_two_border_width__hover_enabled=\"off\" button_border_color__hover_enabled=\"off\" button_one_border_color__hover_enabled=\"off\" button_two_border_color__hover_enabled=\"off\" button_border_radius__hover_enabled=\"off\" button_one_border_radius__hover_enabled=\"off\" button_two_border_radius__hover_enabled=\"off\" button_letter_spacing__hover_enabled=\"off\" button_one_letter_spacing__hover_enabled=\"off\" button_two_letter_spacing__hover_enabled=\"off\" button_bg_color__hover_enabled=\"off\" button_one_bg_color__hover_enabled=\"off\" button_two_bg_color__hover_enabled=\"off\"][\/et_pb_contact_field][et_pb_contact_field field_id=\"SA\" field_title=\"Sistema Administrativo-contable\" field_type=\"select\" select_options=\"%91{%22value%22:%22SAP%22,%22checked%22:0,%22dragID%22:-1},{%22value%22:%22Profit%22,%22checked%22:0,%22dragID%22:0},{%22value%22:%22Odoo%22,%22checked%22:0,%22dragID%22:1},{%22value%22:%22Microsoft Dynamics%22,%22checked%22:0,%22dragID%22:2},{%22value%22:%22Otro%22,%22checked%22:0,%22dragID%22:3}%93&#8243; fullwidth_field=\"on\" _builder_version=\"4.17.4&#8243; global_colors_info=\"{}\" button_text_size__hover_enabled=\"off\" button_one_text_size__hover_enabled=\"off\" button_two_text_size__hover_enabled=\"off\" button_text_color__hover_enabled=\"off\" button_one_text_color__hover_enabled=\"off\" button_two_text_color__hover_enabled=\"off\" button_border_width__hover_enabled=\"off\" button_one_border_width__hover_enabled=\"off\" button_two_border_width__hover_enabled=\"off\" button_border_color__hover_enabled=\"off\" button_one_border_color__hover_enabled=\"off\" button_two_border_color__hover_enabled=\"off\" button_border_radius__hover_enabled=\"off\" button_one_border_radius__hover_enabled=\"off\" button_two_border_radius__hover_enabled=\"off\" button_letter_spacing__hover_enabled=\"off\" button_one_letter_spacing__hover_enabled=\"off\" button_two_letter_spacing__hover_enabled=\"off\" button_bg_color__hover_enabled=\"off\" button_one_bg_color__hover_enabled=\"off\" button_two_bg_color__hover_enabled=\"off\"][\/et_pb_contact_field][et_pb_contact_field field_id=\"Message\" field_title=\"\u00bfQue esperar\u00edas de nuestra reuni\u00f3n?\" field_type=\"email\" fullwidth_field=\"on\" _builder_version=\"4.17.4&#8243; form_field_font_size=\"15px\" form_field_font_size_tablet=\"15px\" form_field_font_size_phone=\"12px\" form_field_font_size_last_edited=\"on|phone\" global_colors_info=\"{}\" button_text_size__hover_enabled=\"off\" button_one_text_size__hover_enabled=\"off\" button_two_text_size__hover_enabled=\"off\" button_text_color__hover_enabled=\"off\" button_one_text_color__hover_enabled=\"off\" button_two_text_color__hover_enabled=\"off\" button_border_width__hover_enabled=\"off\" button_one_border_width__hover_enabled=\"off\" button_two_border_width__hover_enabled=\"off\" button_border_color__hover_enabled=\"off\" button_one_border_color__hover_enabled=\"off\" button_two_border_color__hover_enabled=\"off\" button_border_radius__hover_enabled=\"off\" button_one_border_radius__hover_enabled=\"off\" button_two_border_radius__hover_enabled=\"off\" button_letter_spacing__hover_enabled=\"off\" button_one_letter_spacing__hover_enabled=\"off\" button_two_letter_spacing__hover_enabled=\"off\" button_bg_color__hover_enabled=\"off\" button_one_bg_color__hover_enabled=\"off\" button_two_bg_color__hover_enabled=\"off\"][\/et_pb_contact_field][\/et_pb_contact_form][\/et_pb_column][\/et_pb_row][\/et_pb_section]<\/p>\n","protected":false},"excerpt":{"rendered":"<p>Nimbox es un innovador software que entiende el valor humano detr\u00e1s del trabajo&#8230;\u00a1Agenda una demostraci\u00f3n gratuita con nosotros!Te ofrecemos una reuni\u00f3n con nuestros representantes de venta para que conozcas los beneficios que puede traer las aplicaciones de Nimbox a tu negocio. Evalua el estado actual de tu gesti\u00f3n y conoce: C\u00f3mo puedes gestionar r\u00e1pidamente la [&hellip;]<\/p>\n","protected":false},"author":4,"featured_media":0,"parent":1034,"menu_order":0,"comment_status":"closed","ping_status":"closed","template":"","meta":{"_et_pb_use_builder":"on","_et_pb_old_content":"","_et_gb_content_width":"","inline_featured_image":false,"footnotes":""},"class_list":["post-1816","page","type-page","status-publish","hentry"],"yoast_head":"<!-- This site is optimized with the Yoast SEO Premium plugin v21.8 (Yoast SEO v21.8.1) - https:\/\/yoast.com\/wordpress\/plugins\/seo\/ -->\n<title>Sobre Nimbox - nimbox<\/title>\n<meta name=\"description\" content=\"Somos una soluci\u00f3n tecnol\u00f3gica para los problemas en las gestiones de cobros, ventas y supervisi\u00f3n.\" \/>\n<meta name=\"robots\" content=\"noindex, nofollow\" \/>\n<meta property=\"og:locale\" content=\"es_ES\" \/>\n<meta property=\"og:type\" content=\"article\" \/>\n<meta property=\"og:title\" content=\"Sobre Nimbox\" \/>\n<meta property=\"og:description\" content=\"Somos una soluci\u00f3n tecnol\u00f3gica para los problemas en las gestiones de cobros, ventas y supervisi\u00f3n.\" \/>\n<meta property=\"og:url\" content=\"https:\/\/nimbox.com\/landing\/sobre-nimbox\/\" \/>\n<meta property=\"og:site_name\" content=\"nimbox\" \/>\n<meta property=\"article:publisher\" content=\"https:\/\/www.facebook.com\/nimbox\" \/>\n<meta property=\"article:modified_time\" content=\"2022-06-27T16:18:35+00:00\" \/>\n<meta name=\"twitter:card\" content=\"summary_large_image\" \/>\n<meta name=\"twitter:site\" content=\"@nimbox\" \/>\n<meta name=\"twitter:label1\" content=\"Est. reading time\" \/>\n\t<meta name=\"twitter:data1\" content=\"3 minutos\" \/>\n<script type=\"application\/ld+json\" class=\"yoast-schema-graph\">{\"@context\":\"https:\/\/schema.org\",\"@graph\":[{\"@type\":\"WebPage\",\"@id\":\"https:\/\/nimbox.com\/landing\/sobre-nimbox\/\",\"url\":\"https:\/\/nimbox.com\/landing\/sobre-nimbox\/\",\"name\":\"Sobre Nimbox - nimbox\",\"isPartOf\":{\"@id\":\"https:\/\/nimbox.com\/#website\"},\"datePublished\":\"2021-10-18T14:56:42+00:00\",\"dateModified\":\"2022-06-27T16:18:35+00:00\",\"description\":\"Somos una soluci\u00f3n tecnol\u00f3gica para los problemas en las gestiones de cobros, ventas y supervisi\u00f3n.\",\"breadcrumb\":{\"@id\":\"https:\/\/nimbox.com\/landing\/sobre-nimbox\/#breadcrumb\"},\"inLanguage\":\"es-DO\",\"potentialAction\":[{\"@type\":\"ReadAction\",\"target\":[\"https:\/\/nimbox.com\/landing\/sobre-nimbox\/\"]}]},{\"@type\":\"BreadcrumbList\",\"@id\":\"https:\/\/nimbox.com\/landing\/sobre-nimbox\/#breadcrumb\",\"itemListElement\":[{\"@type\":\"ListItem\",\"position\":1,\"name\":\"Home\",\"item\":\"https:\/\/nimbox.com\/es-do\/\"},{\"@type\":\"ListItem\",\"position\":2,\"name\":\"Landing\",\"item\":\"https:\/\/nimbox.com\/landing\/\"},{\"@type\":\"ListItem\",\"position\":3,\"name\":\"Sobre Nimbox\"}]},{\"@type\":\"WebSite\",\"@id\":\"https:\/\/nimbox.com\/#website\",\"url\":\"https:\/\/nimbox.com\/\",\"name\":\"nimbox\",\"description\":\"Un control remoto para tu empresa\",\"publisher\":{\"@id\":\"https:\/\/nimbox.com\/#organization\"},\"potentialAction\":[{\"@type\":\"SearchAction\",\"target\":{\"@type\":\"EntryPoint\",\"urlTemplate\":\"https:\/\/nimbox.com\/?s={search_term_string}\"},\"query-input\":\"required name=search_term_string\"}],\"inLanguage\":\"es-DO\"},{\"@type\":\"Organization\",\"@id\":\"https:\/\/nimbox.com\/#organization\",\"name\":\"nimbox\",\"url\":\"https:\/\/nimbox.com\/\",\"logo\":{\"@type\":\"ImageObject\",\"inLanguage\":\"es-DO\",\"@id\":\"https:\/\/nimbox.com\/#\/schema\/logo\/image\/\",\"url\":\"https:\/\/nimbox.com\/wp-content\/uploads\/2021\/02\/nimbox-icon-color.svg\",\"contentUrl\":\"https:\/\/nimbox.com\/wp-content\/uploads\/2021\/02\/nimbox-icon-color.svg\",\"width\":\"1024\",\"height\":\"1024\",\"caption\":\"nimbox\"},\"image\":{\"@id\":\"https:\/\/nimbox.com\/#\/schema\/logo\/image\/\"},\"sameAs\":[\"https:\/\/www.facebook.com\/nimbox\",\"https:\/\/twitter.com\/nimbox\",\"https:\/\/www.instagram.com\/nimboxdo\",\"http:\/\/www.linkedin.com\/company\/nimbox-com\"]}]}<\/script>\n<!-- \/ Yoast SEO Premium plugin. -->","yoast_head_json":{"title":"Sobre Nimbox - nimbox","description":"Somos una soluci\u00f3n tecnol\u00f3gica para los problemas en las gestiones de cobros, ventas y supervisi\u00f3n.","robots":{"index":"noindex","follow":"nofollow"},"og_locale":"es_ES","og_type":"article","og_title":"Sobre Nimbox","og_description":"Somos una soluci\u00f3n tecnol\u00f3gica para los problemas en las gestiones de cobros, ventas y supervisi\u00f3n.","og_url":"https:\/\/nimbox.com\/landing\/sobre-nimbox\/","og_site_name":"nimbox","article_publisher":"https:\/\/www.facebook.com\/nimbox","article_modified_time":"2022-06-27T16:18:35+00:00","twitter_card":"summary_large_image","twitter_site":"@nimbox","twitter_misc":{"Est. reading time":"3 minutos"},"schema":{"@context":"https:\/\/schema.org","@graph":[{"@type":"WebPage","@id":"https:\/\/nimbox.com\/landing\/sobre-nimbox\/","url":"https:\/\/nimbox.com\/landing\/sobre-nimbox\/","name":"Sobre Nimbox - nimbox","isPartOf":{"@id":"https:\/\/nimbox.com\/#website"},"datePublished":"2021-10-18T14:56:42+00:00","dateModified":"2022-06-27T16:18:35+00:00","description":"Somos una soluci\u00f3n tecnol\u00f3gica para los problemas en las gestiones de cobros, ventas y supervisi\u00f3n.","breadcrumb":{"@id":"https:\/\/nimbox.com\/landing\/sobre-nimbox\/#breadcrumb"},"inLanguage":"es-DO","potentialAction":[{"@type":"ReadAction","target":["https:\/\/nimbox.com\/landing\/sobre-nimbox\/"]}]},{"@type":"BreadcrumbList","@id":"https:\/\/nimbox.com\/landing\/sobre-nimbox\/#breadcrumb","itemListElement":[{"@type":"ListItem","position":1,"name":"Home","item":"https:\/\/nimbox.com\/es-do\/"},{"@type":"ListItem","position":2,"name":"Landing","item":"https:\/\/nimbox.com\/landing\/"},{"@type":"ListItem","position":3,"name":"Sobre Nimbox"}]},{"@type":"WebSite","@id":"https:\/\/nimbox.com\/#website","url":"https:\/\/nimbox.com\/","name":"nimbox","description":"Un control remoto para tu empresa","publisher":{"@id":"https:\/\/nimbox.com\/#organization"},"potentialAction":[{"@type":"SearchAction","target":{"@type":"EntryPoint","urlTemplate":"https:\/\/nimbox.com\/?s={search_term_string}"},"query-input":"required name=search_term_string"}],"inLanguage":"es-DO"},{"@type":"Organization","@id":"https:\/\/nimbox.com\/#organization","name":"nimbox","url":"https:\/\/nimbox.com\/","logo":{"@type":"ImageObject","inLanguage":"es-DO","@id":"https:\/\/nimbox.com\/#\/schema\/logo\/image\/","url":"https:\/\/nimbox.com\/wp-content\/uploads\/2021\/02\/nimbox-icon-color.svg","contentUrl":"https:\/\/nimbox.com\/wp-content\/uploads\/2021\/02\/nimbox-icon-color.svg","width":"1024","height":"1024","caption":"nimbox"},"image":{"@id":"https:\/\/nimbox.com\/#\/schema\/logo\/image\/"},"sameAs":["https:\/\/www.facebook.com\/nimbox","https:\/\/twitter.com\/nimbox","https:\/\/www.instagram.com\/nimboxdo","http:\/\/www.linkedin.com\/company\/nimbox-com"]}]}},"_links":{"self":[{"href":"https:\/\/nimbox.com\/es-do\/wp-json\/wp\/v2\/pages\/1816","targetHints":{"allow":["GET"]}}],"collection":[{"href":"https:\/\/nimbox.com\/es-do\/wp-json\/wp\/v2\/pages"}],"about":[{"href":"https:\/\/nimbox.com\/es-do\/wp-json\/wp\/v2\/types\/page"}],"author":[{"embeddable":true,"href":"https:\/\/nimbox.com\/es-do\/wp-json\/wp\/v2\/users\/4"}],"replies":[{"embeddable":true,"href":"https:\/\/nimbox.com\/es-do\/wp-json\/wp\/v2\/comments?post=1816"}],"version-history":[{"count":276,"href":"https:\/\/nimbox.com\/es-do\/wp-json\/wp\/v2\/pages\/1816\/revisions"}],"predecessor-version":[{"id":3811,"href":"https:\/\/nimbox.com\/es-do\/wp-json\/wp\/v2\/pages\/1816\/revisions\/3811"}],"up":[{"embeddable":true,"href":"https:\/\/nimbox.com\/es-do\/wp-json\/wp\/v2\/pages\/1034"}],"wp:attachment":[{"href":"https:\/\/nimbox.com\/es-do\/wp-json\/wp\/v2\/media?parent=1816"}],"curies":[{"name":"wp","href":"https:\/\/api.w.org\/{rel}","templated":true}]}}