{"id":572,"date":"2021-02-10T18:23:17","date_gmt":"2021-02-10T18:23:17","guid":{"rendered":"https:\/\/nimbox.com\/supervision-de-ventas\/"},"modified":"2022-08-02T20:38:34","modified_gmt":"2022-08-02T20:38:34","slug":"supervision-de-ventas","status":"publish","type":"page","link":"https:\/\/nimbox.com\/es-do\/aplicaciones\/supervision-de-ventas\/","title":{"rendered":"Supervisi\u00f3n de Ventas"},"content":{"rendered":"<p>[et_pb_section fb_built=\"1&#8243; fullwidth=\"on\" _builder_version=\"4.17.6&#8243; _module_preset=\"default\" hover_enabled=\"0&#8243; global_colors_info=\"{}\" background_enable_color=\"off\" sticky_enabled=\"0&#8243; da_is_popup=\"off\" da_exit_intent=\"off\" da_has_close=\"on\" da_alt_close=\"off\" da_dark_close=\"off\" da_not_modal=\"on\" da_is_singular=\"off\" da_with_loader=\"off\" da_has_shadow=\"on\" da_disable_devices=\"off|off|off\"][et_pb_fullwidth_header title=\"SUPERVISI\u00d3N DE VENTAS\" button_one_text=\"Cont\u00e1ctanos\" button_one_url=\"@ET-DC@eyJkeW5hbWljIjp0cnVlLCJjb250ZW50IjoicG9zdF9saW5rX3VybF9wYWdlIiwic2V0dGluZ3MiOnsicG9zdF9pZCI6IjUwMCJ9fQ==@\" content_max_width=\"45%\" _builder_version=\"4.17.6&#8243; _dynamic_attributes=\"button_one_url\" _module_preset=\"default\" background_image=\"https:\/\/nimbox.com\/wp-content\/uploads\/2021\/02\/banner-sales.jpg\" hover_enabled=\"0&#8243; global_colors_info=\"{}\" content_max_width_last_edited=\"on|phone\" sticky_enabled=\"0&#8243; content_max_width_phone=\"59%\" content_max_width_tablet=\"45%\"]<\/p>\n<p>Estar actualizando los n\u00fameros en hojas de excel para saber lo que pasa es \"<em>tan del siglo pasado.<\/em>\"<\/p>\n<p>[\/et_pb_fullwidth_header][\/et_pb_section][et_pb_section fb_built=\"1&#8243; _builder_version=\"4.16&#8243; _module_preset=\"default\" global_colors_info=\"{}\" da_is_popup=\"off\" da_exit_intent=\"off\" da_has_close=\"on\" da_alt_close=\"off\" da_dark_close=\"off\" da_not_modal=\"on\" da_is_singular=\"off\" da_with_loader=\"off\" da_has_shadow=\"on\" da_disable_devices=\"off|off|off\"][et_pb_row _builder_version=\"4.16&#8243; _module_preset=\"default\" locked=\"off\" global_colors_info=\"{}\"][et_pb_column type=\"4_4&#8243; _builder_version=\"4.16&#8243; _module_preset=\"default\" global_colors_info=\"{}\"][et_pb_text _builder_version=\"4.17.6&#8243; _module_preset=\"default\" width=\"83%\" module_alignment=\"center\" hover_enabled=\"0&#8243; global_colors_info=\"{}\" width_last_edited=\"on|phone\" sticky_enabled=\"0&#8243; width_phone=\"100%\" text_font_size_last_edited=\"on|desktop\" text_font_size=\"19px\" header_font_size=\"29px\" header_font_size_last_edited=\"on|phone\" header_font_size_phone=\"21px\" width_tablet=\"83%\" text_font_size_tablet=\"19px\" text_font_size_phone=\"19px\" header_font_size_tablet=\"29px\"]<\/p>\n<h1 class=\"text-center\" style=\"text-align: center;\"><strong>Los promedios lo ocultan todo!<\/strong><\/h1>\n<h1 class=\"text-center\" style=\"text-align: center;\">La supervisi\u00f3n de ventas es un esfuerzo (nada sencillo) en entender todos los elementos que componen las ventas: productos, clientes, vendedores y tiempo<\/h1>\n<p>&nbsp;<\/p>\n<p>[\/et_pb_text][et_pb_text _builder_version=\"4.17.6&#8243; _module_preset=\"default\" width=\"55%\" module_alignment=\"center\" hover_enabled=\"0&#8243; global_colors_info=\"{}\" width_last_edited=\"on|phone\" sticky_enabled=\"0&#8243; width_phone=\"100%\" text_font_size_last_edited=\"on|phone\" text_font_size_phone=\"13px\" text_font_size_tablet=\"18px\" text_font_size=\"18px\" width_tablet=\"55%\"]<\/p>\n<p>Con<span>\u00a0<\/span><strong>nimbox<\/strong><span>\u00a0<\/span>es posible:<\/p>\n<ul>\n<li>Entender c\u00f3mo se generan las ventas de la compa\u00f1\u00eda, en todo momento.<\/li>\n<li>Identificar oportunidades y problemas con vendedores, clientes y producto, de manera oportuna.<\/li>\n<li>Tomar acciones correctivas y verificar su eficacia, de una manera sencilla.<\/li>\n<li>Vender m\u00e1s!<\/li>\n<\/ul>\n<p>[\/et_pb_text][\/et_pb_column][\/et_pb_row][et_pb_row column_structure=\"1_2,1_2&#8243; _builder_version=\"4.16&#8243; _module_preset=\"default\" global_colors_info=\"{}\"][et_pb_column type=\"1_2&#8243; _builder_version=\"4.16&#8243; _module_preset=\"default\" global_colors_info=\"{}\"][et_pb_image src=\"https:\/\/nimbox.com\/wp-content\/uploads\/2021\/02\/sales-compare.png\" title_text=\"sales-compare\" align=\"center\" _builder_version=\"4.16&#8243; _module_preset=\"default\" max_width=\"350px\" border_radii=\"on|16px|16px|16px|16px\" global_colors_info=\"{}\"][\/et_pb_image][\/et_pb_column][et_pb_column type=\"1_2&#8243; _builder_version=\"4.16&#8243; _module_preset=\"default\" global_colors_info=\"{}\"][et_pb_text _builder_version=\"4.16&#8243; _module_preset=\"default\" global_colors_info=\"{}\"]<\/p>\n<div class=\"et_pb_with_border et_pb_module et_pb_text et_pb_text_2  et_pb_text_align_left et_pb_bg_layout_light\">\n<div class=\"et_pb_text_inner\">\n<h2>Revisa el desempe\u00f1o de tus vendedores en tiempo real<\/h2>\n<\/div>\n<\/div>\n<div class=\"et_pb_with_border et_pb_module et_pb_text et_pb_text_3  et_pb_text_align_left et_pb_bg_layout_light\">\n<div class=\"et_pb_text_inner\">\n<p><span>Visualiza y ordena a tus vendedores por diferentes variables como montos, cantidades de productos y clientes. Entiende las diferencias e implicaciones para saber en que casos debes profundizar.<\/span><\/p>\n<\/div>\n<\/div>\n<p>[\/et_pb_text][\/et_pb_column][\/et_pb_row][et_pb_row column_structure=\"1_2,1_2&#8243; module_class=\"custom_row\" _builder_version=\"4.16&#8243; _module_preset=\"default\" global_colors_info=\"{}\"][et_pb_column type=\"1_2&#8243; module_class=\"second-on-mobile\" _builder_version=\"4.16&#8243; _module_preset=\"default\" global_colors_info=\"{}\"][et_pb_text _builder_version=\"4.16&#8243; _module_preset=\"default\" global_colors_info=\"{}\"]<\/p>\n<div class=\"et_pb_with_border et_pb_module et_pb_text et_pb_text_4  et_pb_text_align_left et_pb_bg_layout_light\">\n<div class=\"et_pb_text_inner\">\n<h2>Identifica oportunidades y problemas con clientes<\/h2>\n<p><span>Cada cliente tiene una p\u00e1gina en nimbox. Esta p\u00e1gina te ayuda a responder preguntas como: \u00bfQu\u00e9 compra?, \u00bfC\u00f3mo compra? y \u00bfQu\u00e9 nos debe?. Con todo en un s\u00f3lo sitio es f\u00e1cil entender la situaci\u00f3n del cliente. Es como un muro de Facebook por cliente, pero \u00fatil para vender y cobrar.<\/span><\/p>\n<\/div>\n<\/div>\n<p>[\/et_pb_text][\/et_pb_column][et_pb_column type=\"1_2&#8243; module_class=\"first-on-mobile\" _builder_version=\"4.16&#8243; _module_preset=\"default\" custom_padding_tablet=\"||30px||false|false\" custom_padding_phone=\"||30px||false|false\" custom_padding_last_edited=\"on|phone\" global_colors_info=\"{}\"][et_pb_image src=\"https:\/\/nimbox.com\/wp-content\/uploads\/2021\/02\/sales-analyze.png\" title_text=\"sales-analyze\" align=\"center\" _builder_version=\"4.16&#8243; _module_preset=\"default\" max_width=\"350px\" border_radii=\"on|16px|16px|16px|16px\" global_colors_info=\"{}\"][\/et_pb_image][\/et_pb_column][\/et_pb_row][et_pb_row column_structure=\"1_2,1_2&#8243; _builder_version=\"4.16&#8243; _module_preset=\"default\" global_colors_info=\"{}\"][et_pb_column type=\"1_2&#8243; _builder_version=\"4.16&#8243; _module_preset=\"default\" global_colors_info=\"{}\"][et_pb_image src=\"https:\/\/nimbox.com\/wp-content\/uploads\/2021\/02\/sales-followup.png\" title_text=\"sales-followup\" align=\"center\" _builder_version=\"4.16&#8243; _module_preset=\"default\" max_width=\"350px\" border_radii=\"on|16px|16px|16px|16px\" global_colors_info=\"{}\"][\/et_pb_image][\/et_pb_column][et_pb_column type=\"1_2&#8243; _builder_version=\"4.16&#8243; _module_preset=\"default\" global_colors_info=\"{}\"][et_pb_text _builder_version=\"4.16&#8243; _module_preset=\"default\" global_colors_info=\"{}\"]<\/p>\n<div class=\"et_pb_with_border et_pb_module et_pb_text et_pb_text_8  et_pb_text_align_left et_pb_bg_layout_light\">\n<div class=\"et_pb_text_inner\">\n<h2>No dejes que al vendedor se le escape ning\u00fan cliente<\/h2>\n<p><span>Los clientes grandes y que pagan bien no podemos darnos el lujo de perderlos, detecta r\u00e1pidamente a cu\u00e1les el vendedor no ha visitado y facilita sus oportunidades de ventas<\/span><\/p>\n<\/div>\n<\/div>\n<div class=\"et_pb_with_border et_pb_module et_pb_text et_pb_text_9  et_pb_text_align_left et_pb_bg_layout_light\">\n<div class=\"et_pb_text_inner\">\n<div class=\"et_pb_with_border et_pb_module et_pb_text et_pb_text_8  et_pb_text_align_left et_pb_bg_layout_light\">\n<div class=\"et_pb_text_inner\"><\/div>\n<\/div>\n<div class=\"et_pb_with_border et_pb_module et_pb_text et_pb_text_9  et_pb_text_align_left et_pb_bg_layout_light\">\n<div class=\"et_pb_text_inner\">\n<p><span><\/span><\/p>\n<\/div>\n<\/div>\n<\/div>\n<\/div>\n<p>[\/et_pb_text][\/et_pb_column][\/et_pb_row][\/et_pb_section][et_pb_section fb_built=\"1&#8243; fullwidth=\"on\" _builder_version=\"4.16&#8243; _module_preset=\"default\" global_colors_info=\"{}\" da_is_popup=\"off\" da_exit_intent=\"off\" da_has_close=\"on\" da_alt_close=\"off\" da_dark_close=\"off\" da_not_modal=\"on\" da_is_singular=\"off\" da_with_loader=\"off\" da_has_shadow=\"on\" da_disable_devices=\"off|off|off\"][et_pb_fullwidth_header title=\"No te pierdas en las historias de los vendedores\" text_orientation=\"center\" button_one_text=\"Quiero un demo\" _builder_version=\"4.17.6&#8243; _module_preset=\"default\" background_color=\"#BF392C\" use_background_color_gradient=\"on\" background_color_gradient_stops=\"#bf392c 0%|#f7a019 100%\" background_color_gradient_start=\"#bf392c\" background_color_gradient_end=\"#f7a019&#8243; hover_enabled=\"0&#8243; global_colors_info=\"{}\" button_one_url=\"https:\/\/api.whatsapp.com\/message\/4LLUNTVCWDHOA1?autoload=1&#038;app_absent=0&#8243; sticky_enabled=\"0&#8243; custom_button_one=\"on\" button_one_text_color=\"#F05022&#8243; button_one_bg_color=\"#FFFFFF\" button_one_bg_enable_color=\"on\" button_one_border_width=\"0px\" button_one_border_radius=\"17px\" button_one_letter_spacing=\"1px\" button_one_font=\"Gotham bold 1||||||||\" title_font_size_last_edited=\"on|tablet\" title_font_size_phone=\"29px\"]<\/p>\n<p>Instala la aplicaci\u00f3n de nimbox de supervisi\u00f3n de ventas y observa c\u00f3mo mejoran.<\/p>\n<p>[\/et_pb_fullwidth_header][\/et_pb_section][et_pb_section fb_built=\"1&#8243; _builder_version=\"4.16&#8243; _module_preset=\"default\" global_colors_info=\"{}\" da_is_popup=\"off\" da_exit_intent=\"off\" da_has_close=\"on\" da_alt_close=\"off\" da_dark_close=\"off\" da_not_modal=\"on\" da_is_singular=\"off\" da_with_loader=\"off\" da_has_shadow=\"on\" da_disable_devices=\"off|off|off\"][et_pb_row _builder_version=\"4.16&#8243; _module_preset=\"default\" global_colors_info=\"{}\"][et_pb_column type=\"4_4&#8243; _builder_version=\"4.16&#8243; _module_preset=\"default\" global_colors_info=\"{}\"][et_pb_text _builder_version=\"4.16&#8243; _module_preset=\"default\" custom_padding=\"0px|||||\" global_colors_info=\"{}\"]<\/p>\n<h2 style=\"text-align: center;\">Las funcionalidades no se quedan en lo anterior<\/h2>\n<p>[\/et_pb_text][\/et_pb_column][\/et_pb_row][et_pb_row column_structure=\"1_4,1_4,1_4,1_4&#8243; make_equal=\"on\" _builder_version=\"4.16&#8243; _module_preset=\"default\" global_colors_info=\"{}\"][et_pb_column type=\"1_4&#8243; _builder_version=\"4.16&#8243; _module_preset=\"default\" global_colors_info=\"{}\"][et_pb_blurb use_icon=\"on\" font_icon=\"&#x69;||divi||400&#8243; icon_color=\"#bf392c\" image_icon_width=\"64px\" _builder_version=\"4.16&#8243; _module_preset=\"default\" text_orientation=\"center\" icon_font_size=\"64px\" global_colors_info=\"{}\"]<\/p>\n<p>Analiza el estado de los clientes con respecto a su \u00faltima factura.<\/p>\n<p>[\/et_pb_blurb][\/et_pb_column][et_pb_column type=\"1_4&#8243; _builder_version=\"4.16&#8243; _module_preset=\"default\" global_colors_info=\"{}\"][et_pb_blurb use_icon=\"on\" font_icon=\"&#xe018;||divi||400&#8243; icon_color=\"#bf392c\" image_icon_width=\"64px\" _builder_version=\"4.16&#8243; _module_preset=\"default\" text_orientation=\"center\" icon_font_size=\"64px\" locked=\"off\" global_colors_info=\"{}\"]<\/p>\n<p>Agrupa los clientes a trav\u00e9s de etiquetas para entender mejor las oportunidades.<\/p>\n<p>[\/et_pb_blurb][\/et_pb_column][et_pb_column type=\"1_4&#8243; _builder_version=\"4.16&#8243; _module_preset=\"default\" global_colors_info=\"{}\"][et_pb_blurb use_icon=\"on\" font_icon=\"&#xe0ed;||divi||400&#8243; icon_color=\"#bf392c\" image_icon_width=\"64px\" _builder_version=\"4.16&#8243; _module_preset=\"default\" text_orientation=\"center\" icon_font_size=\"64px\" locked=\"off\" global_colors_info=\"{}\"]<\/p>\n<p>Descubre oportunidades de cobertura para incrementar las ventas.<\/p>\n<p>[\/et_pb_blurb][\/et_pb_column][et_pb_column type=\"1_4&#8243; _builder_version=\"4.16&#8243; _module_preset=\"default\" global_colors_info=\"{}\"][et_pb_blurb use_icon=\"on\" font_icon=\"&#xe0ec;||divi||400&#8243; icon_color=\"#bf392c\" image_icon_width=\"64px\" _builder_version=\"4.16&#8243; _module_preset=\"default\" text_orientation=\"center\" icon_font_size=\"64px\" locked=\"off\" global_colors_info=\"{}\"]<\/p>\n<p>Compara vendedores de manera inmediata.<\/p>\n<p>[\/et_pb_blurb][\/et_pb_column][\/et_pb_row][et_pb_row column_structure=\"1_4,1_4,1_4,1_4&#8243; make_equal=\"on\" _builder_version=\"4.16&#8243; _module_preset=\"default\" locked=\"off\" global_colors_info=\"{}\"][et_pb_column type=\"1_4&#8243; _builder_version=\"4.16&#8243; _module_preset=\"default\" global_colors_info=\"{}\"][et_pb_blurb use_icon=\"on\" font_icon=\"&#xe0e9;||divi||400&#8243; icon_color=\"#bf392c\" image_icon_width=\"64px\" _builder_version=\"4.16&#8243; _module_preset=\"default\" text_orientation=\"center\" icon_font_size=\"64px\" global_colors_info=\"{}\"]<\/p>\n<p>Identifica r\u00e1pidamente los productos m\u00e1s y menos vendidos.<\/p>\n<p>[\/et_pb_blurb][\/et_pb_column][et_pb_column type=\"1_4&#8243; _builder_version=\"4.16&#8243; _module_preset=\"default\" global_colors_info=\"{}\"][et_pb_blurb use_icon=\"on\" font_icon=\"&#xe00b;||divi||400&#8243; icon_color=\"#bf392c\" image_icon_width=\"64px\" _builder_version=\"4.16&#8243; _module_preset=\"default\" text_orientation=\"center\" icon_font_size=\"64px\" locked=\"off\" global_colors_info=\"{}\"]<\/p>\n<p>Contacta a vendedores o clientes con mensajes de texto.<\/p>\n<p>[\/et_pb_blurb][\/et_pb_column][et_pb_column type=\"1_4&#8243; _builder_version=\"4.16&#8243; _module_preset=\"default\" global_colors_info=\"{}\"][et_pb_blurb use_icon=\"on\" font_icon=\"&#xe018;||divi||400&#8243; icon_color=\"#bf392c\" image_icon_width=\"64px\" _builder_version=\"4.16&#8243; _module_preset=\"default\" text_orientation=\"center\" icon_font_size=\"64px\" locked=\"off\" global_colors_info=\"{}\"]<\/p>\n<p>Controla las devoluciones y notas de cr\u00e9dito para proteger el flujo de caja.<\/p>\n<p>[\/et_pb_blurb][\/et_pb_column][et_pb_column type=\"1_4&#8243; _builder_version=\"4.16&#8243; _module_preset=\"default\" global_colors_info=\"{}\"][et_pb_blurb use_icon=\"on\" font_icon=\"&#xe007;||divi||400&#8243; icon_color=\"#bf392c\" image_icon_width=\"64px\" _builder_version=\"4.16&#8243; _module_preset=\"default\" text_orientation=\"center\" icon_font_size=\"64px\" locked=\"off\" global_colors_info=\"{}\"]<\/p>\n<p>Accesa a una p\u00e1gina por cada producto que te permita entender c\u00f3mo se vende.<\/p>\n<p>[\/et_pb_blurb][\/et_pb_column][\/et_pb_row][\/et_pb_section][et_pb_section fb_built=\"1&#8243; _builder_version=\"4.16&#8243; use_background_color_gradient=\"on\" background_color_gradient_stops=\"#b3b3b3 0%|#ffffff 100%\" background_color_gradient_start=\"#b3b3b3&#8243; background_color_gradient_end=\"#ffffff\" global_colors_info=\"{}\" da_is_popup=\"off\" da_exit_intent=\"off\" da_has_close=\"on\" da_alt_close=\"off\" da_dark_close=\"off\" da_not_modal=\"on\" da_is_singular=\"off\" da_with_loader=\"off\" da_has_shadow=\"on\" da_disable_devices=\"off|off|off\"][et_pb_row column_structure=\"1_2,1_6,1_6,1_6&#8243; make_equal=\"on\" _builder_version=\"4.16&#8243; _module_preset=\"default\" global_colors_info=\"{}\"][et_pb_column type=\"1_2&#8243; _builder_version=\"4.16&#8243; _module_preset=\"default\" global_colors_info=\"{}\"][et_pb_cta title=\"Las aplicaciones de nimbox te permiten trabajar remotamente\" _builder_version=\"4.16&#8243; _module_preset=\"default\" header_text_color=\"#6b3838&#8243; body_text_color=\"#474747&#8243; use_background_color=\"off\" global_colors_info=\"{}\"]<\/p>\n<p>En este momento hist\u00f3rico, donde trabajar remoto es una necesidad, las aplicaciones de nimbox te facilitan la gesti\u00f3n comercial de tu empresa.<\/p>\n<p>[\/et_pb_cta][\/et_pb_column][et_pb_column type=\"1_6&#8243; _builder_version=\"4.16&#8243; _module_preset=\"default\" global_colors_info=\"{}\"][et_pb_blurb title=\"Whatsapp\" image=\"https:\/\/nimbox.com\/wp-content\/uploads\/2021\/02\/action-whatsapp.svg\" image_icon_width=\"50%\" _builder_version=\"4.16&#8243; _module_preset=\"default\" text_orientation=\"center\" image_max_width=\"50%\" global_colors_info=\"{}\"]<\/p>\n<p>Preg\u00fantanos lo que quieras por WhatsApp.<\/p>\n<p><a href=\"https:\/\/wa.me\/+18299583192\">+1(849)4560007<\/a><\/p>\n<p>[\/et_pb_blurb][\/et_pb_column][et_pb_column type=\"1_6&#8243; _builder_version=\"4.16&#8243; _module_preset=\"default\" global_colors_info=\"{}\"][et_pb_blurb title=\"Tel\u00e9fono\" image=\"https:\/\/nimbox.com\/wp-content\/uploads\/2021\/02\/action-phone.svg\" image_icon_width=\"50%\" _builder_version=\"4.16&#8243; _module_preset=\"default\" text_orientation=\"center\" image_max_width=\"50%\" global_colors_info=\"{}\"]<\/p>\n<p>Ll\u00e1manos para agendar una visita.<\/p>\n<p><a href=\"callto:+18095404082\">+1(809)540-4082<\/a><\/p>\n<p>[\/et_pb_blurb][\/et_pb_column][et_pb_column type=\"1_6&#8243; _builder_version=\"4.16&#8243; _module_preset=\"default\" global_colors_info=\"{}\"][et_pb_blurb title=\"Email\" image=\"https:\/\/nimbox.com\/wp-content\/uploads\/2021\/02\/action-email.svg\" image_icon_width=\"50%\" _builder_version=\"4.16&#8243; _module_preset=\"default\" text_orientation=\"center\" image_max_width=\"50%\" global_colors_info=\"{}\"]<\/p>\n<p>Escribenos un email con cualquier duda que tengas.<\/p>\n<p><a href=\"mailto:info@nimbox.com\">info@nimbox.com<\/a><\/p>\n<p>[\/et_pb_blurb][\/et_pb_column][\/et_pb_row][\/et_pb_section]<\/p>\n","protected":false},"excerpt":{"rendered":"<p>Estar actualizando los n\u00fameros en hojas de excel para saber lo que pasa es \"tan del siglo pasado.\"Los promedios lo ocultan todo! La supervisi\u00f3n de ventas es un esfuerzo (nada sencillo) en entender todos los elementos que componen las ventas: productos, clientes, vendedores y tiempo &nbsp;Con\u00a0nimbox\u00a0es posible: Entender c\u00f3mo se generan las ventas de la [&hellip;]<\/p>\n","protected":false},"author":2,"featured_media":0,"parent":602,"menu_order":1,"comment_status":"closed","ping_status":"closed","template":"","meta":{"_et_pb_use_builder":"on","_et_pb_old_content":"","_et_gb_content_width":"","inline_featured_image":false,"footnotes":""},"class_list":["post-572","page","type-page","status-publish","hentry"],"yoast_head":"<!-- This site is optimized with the Yoast SEO Premium plugin v21.8 (Yoast SEO v21.8.1) - https:\/\/yoast.com\/wordpress\/plugins\/seo\/ -->\n<title>Supervisi\u00f3n de Ventas - nimbox<\/title>\n<meta name=\"robots\" content=\"index, follow, max-snippet:-1, max-image-preview:large, max-video-preview:-1\" \/>\n<link rel=\"canonical\" href=\"https:\/\/nimbox.com\/es-do\/aplicaciones\/supervision-de-ventas\/\" \/>\n<meta property=\"og:locale\" content=\"es_ES\" \/>\n<meta property=\"og:type\" content=\"article\" \/>\n<meta property=\"og:title\" content=\"Supervisi\u00f3n de Ventas\" \/>\n<meta property=\"og:description\" content=\"Estar actualizando los n\u00fameros en hojas de excel para saber lo que pasa es &quot;tan del siglo pasado.&quot;Los promedios lo ocultan todo! La supervisi\u00f3n de ventas es un esfuerzo (nada sencillo) en entender todos los elementos que componen las ventas: productos, clientes, vendedores y tiempo &nbsp;Con\u00a0nimbox\u00a0es posible: Entender c\u00f3mo se generan las ventas de la [&hellip;]\" \/>\n<meta property=\"og:url\" content=\"https:\/\/nimbox.com\/es-do\/aplicaciones\/supervision-de-ventas\/\" \/>\n<meta property=\"og:site_name\" content=\"nimbox\" \/>\n<meta property=\"article:publisher\" content=\"https:\/\/www.facebook.com\/nimbox\" \/>\n<meta property=\"article:modified_time\" content=\"2022-08-02T20:38:34+00:00\" \/>\n<meta name=\"twitter:card\" content=\"summary_large_image\" \/>\n<meta name=\"twitter:site\" content=\"@nimbox\" \/>\n<meta name=\"twitter:label1\" content=\"Est. reading time\" \/>\n\t<meta name=\"twitter:data1\" content=\"11 minutos\" \/>\n<script type=\"application\/ld+json\" class=\"yoast-schema-graph\">{\"@context\":\"https:\/\/schema.org\",\"@graph\":[{\"@type\":\"WebPage\",\"@id\":\"https:\/\/nimbox.com\/es-do\/aplicaciones\/supervision-de-ventas\/\",\"url\":\"https:\/\/nimbox.com\/es-do\/aplicaciones\/supervision-de-ventas\/\",\"name\":\"Supervisi\u00f3n de Ventas - nimbox\",\"isPartOf\":{\"@id\":\"https:\/\/nimbox.com\/#website\"},\"datePublished\":\"2021-02-10T18:23:17+00:00\",\"dateModified\":\"2022-08-02T20:38:34+00:00\",\"breadcrumb\":{\"@id\":\"https:\/\/nimbox.com\/es-do\/aplicaciones\/supervision-de-ventas\/#breadcrumb\"},\"inLanguage\":\"es-DO\",\"potentialAction\":[{\"@type\":\"ReadAction\",\"target\":[\"https:\/\/nimbox.com\/es-do\/aplicaciones\/supervision-de-ventas\/\"]}]},{\"@type\":\"BreadcrumbList\",\"@id\":\"https:\/\/nimbox.com\/es-do\/aplicaciones\/supervision-de-ventas\/#breadcrumb\",\"itemListElement\":[{\"@type\":\"ListItem\",\"position\":1,\"name\":\"Home\",\"item\":\"https:\/\/nimbox.com\/es-do\/\"},{\"@type\":\"ListItem\",\"position\":2,\"name\":\"Aplicaciones\",\"item\":\"https:\/\/nimbox.com\/es-do\/aplicaciones\/\"},{\"@type\":\"ListItem\",\"position\":3,\"name\":\"Supervisi\u00f3n de Ventas\"}]},{\"@type\":\"WebSite\",\"@id\":\"https:\/\/nimbox.com\/#website\",\"url\":\"https:\/\/nimbox.com\/\",\"name\":\"nimbox\",\"description\":\"Un control remoto para tu empresa\",\"publisher\":{\"@id\":\"https:\/\/nimbox.com\/#organization\"},\"potentialAction\":[{\"@type\":\"SearchAction\",\"target\":{\"@type\":\"EntryPoint\",\"urlTemplate\":\"https:\/\/nimbox.com\/?s={search_term_string}\"},\"query-input\":\"required name=search_term_string\"}],\"inLanguage\":\"es-DO\"},{\"@type\":\"Organization\",\"@id\":\"https:\/\/nimbox.com\/#organization\",\"name\":\"nimbox\",\"url\":\"https:\/\/nimbox.com\/\",\"logo\":{\"@type\":\"ImageObject\",\"inLanguage\":\"es-DO\",\"@id\":\"https:\/\/nimbox.com\/#\/schema\/logo\/image\/\",\"url\":\"https:\/\/nimbox.com\/wp-content\/uploads\/2021\/02\/nimbox-icon-color.svg\",\"contentUrl\":\"https:\/\/nimbox.com\/wp-content\/uploads\/2021\/02\/nimbox-icon-color.svg\",\"width\":\"1024\",\"height\":\"1024\",\"caption\":\"nimbox\"},\"image\":{\"@id\":\"https:\/\/nimbox.com\/#\/schema\/logo\/image\/\"},\"sameAs\":[\"https:\/\/www.facebook.com\/nimbox\",\"https:\/\/twitter.com\/nimbox\",\"https:\/\/www.instagram.com\/nimboxdo\",\"http:\/\/www.linkedin.com\/company\/nimbox-com\"]}]}<\/script>\n<!-- \/ Yoast SEO Premium plugin. -->","yoast_head_json":{"title":"Supervisi\u00f3n de Ventas - nimbox","robots":{"index":"index","follow":"follow","max-snippet":"max-snippet:-1","max-image-preview":"max-image-preview:large","max-video-preview":"max-video-preview:-1"},"canonical":"https:\/\/nimbox.com\/es-do\/aplicaciones\/supervision-de-ventas\/","og_locale":"es_ES","og_type":"article","og_title":"Supervisi\u00f3n de Ventas","og_description":"Estar actualizando los n\u00fameros en hojas de excel para saber lo que pasa es \"tan del siglo pasado.\"Los promedios lo ocultan todo! La supervisi\u00f3n de ventas es un esfuerzo (nada sencillo) en entender todos los elementos que componen las ventas: productos, clientes, vendedores y tiempo &nbsp;Con\u00a0nimbox\u00a0es posible: Entender c\u00f3mo se generan las ventas de la [&hellip;]","og_url":"https:\/\/nimbox.com\/es-do\/aplicaciones\/supervision-de-ventas\/","og_site_name":"nimbox","article_publisher":"https:\/\/www.facebook.com\/nimbox","article_modified_time":"2022-08-02T20:38:34+00:00","twitter_card":"summary_large_image","twitter_site":"@nimbox","twitter_misc":{"Est. reading time":"11 minutos"},"schema":{"@context":"https:\/\/schema.org","@graph":[{"@type":"WebPage","@id":"https:\/\/nimbox.com\/es-do\/aplicaciones\/supervision-de-ventas\/","url":"https:\/\/nimbox.com\/es-do\/aplicaciones\/supervision-de-ventas\/","name":"Supervisi\u00f3n de Ventas - nimbox","isPartOf":{"@id":"https:\/\/nimbox.com\/#website"},"datePublished":"2021-02-10T18:23:17+00:00","dateModified":"2022-08-02T20:38:34+00:00","breadcrumb":{"@id":"https:\/\/nimbox.com\/es-do\/aplicaciones\/supervision-de-ventas\/#breadcrumb"},"inLanguage":"es-DO","potentialAction":[{"@type":"ReadAction","target":["https:\/\/nimbox.com\/es-do\/aplicaciones\/supervision-de-ventas\/"]}]},{"@type":"BreadcrumbList","@id":"https:\/\/nimbox.com\/es-do\/aplicaciones\/supervision-de-ventas\/#breadcrumb","itemListElement":[{"@type":"ListItem","position":1,"name":"Home","item":"https:\/\/nimbox.com\/es-do\/"},{"@type":"ListItem","position":2,"name":"Aplicaciones","item":"https:\/\/nimbox.com\/es-do\/aplicaciones\/"},{"@type":"ListItem","position":3,"name":"Supervisi\u00f3n de Ventas"}]},{"@type":"WebSite","@id":"https:\/\/nimbox.com\/#website","url":"https:\/\/nimbox.com\/","name":"nimbox","description":"Un control remoto para tu empresa","publisher":{"@id":"https:\/\/nimbox.com\/#organization"},"potentialAction":[{"@type":"SearchAction","target":{"@type":"EntryPoint","urlTemplate":"https:\/\/nimbox.com\/?s={search_term_string}"},"query-input":"required name=search_term_string"}],"inLanguage":"es-DO"},{"@type":"Organization","@id":"https:\/\/nimbox.com\/#organization","name":"nimbox","url":"https:\/\/nimbox.com\/","logo":{"@type":"ImageObject","inLanguage":"es-DO","@id":"https:\/\/nimbox.com\/#\/schema\/logo\/image\/","url":"https:\/\/nimbox.com\/wp-content\/uploads\/2021\/02\/nimbox-icon-color.svg","contentUrl":"https:\/\/nimbox.com\/wp-content\/uploads\/2021\/02\/nimbox-icon-color.svg","width":"1024","height":"1024","caption":"nimbox"},"image":{"@id":"https:\/\/nimbox.com\/#\/schema\/logo\/image\/"},"sameAs":["https:\/\/www.facebook.com\/nimbox","https:\/\/twitter.com\/nimbox","https:\/\/www.instagram.com\/nimboxdo","http:\/\/www.linkedin.com\/company\/nimbox-com"]}]}},"_links":{"self":[{"href":"https:\/\/nimbox.com\/es-do\/wp-json\/wp\/v2\/pages\/572","targetHints":{"allow":["GET"]}}],"collection":[{"href":"https:\/\/nimbox.com\/es-do\/wp-json\/wp\/v2\/pages"}],"about":[{"href":"https:\/\/nimbox.com\/es-do\/wp-json\/wp\/v2\/types\/page"}],"author":[{"embeddable":true,"href":"https:\/\/nimbox.com\/es-do\/wp-json\/wp\/v2\/users\/2"}],"replies":[{"embeddable":true,"href":"https:\/\/nimbox.com\/es-do\/wp-json\/wp\/v2\/comments?post=572"}],"version-history":[{"count":12,"href":"https:\/\/nimbox.com\/es-do\/wp-json\/wp\/v2\/pages\/572\/revisions"}],"predecessor-version":[{"id":3882,"href":"https:\/\/nimbox.com\/es-do\/wp-json\/wp\/v2\/pages\/572\/revisions\/3882"}],"up":[{"embeddable":true,"href":"https:\/\/nimbox.com\/es-do\/wp-json\/wp\/v2\/pages\/602"}],"wp:attachment":[{"href":"https:\/\/nimbox.com\/es-do\/wp-json\/wp\/v2\/media?parent=572"}],"curies":[{"name":"wp","href":"https:\/\/api.w.org\/{rel}","templated":true}]}}