{"id":60,"date":"2021-02-10T04:31:28","date_gmt":"2021-02-10T04:31:28","guid":{"rendered":"https:\/\/nimbox.com\/?page_id=60"},"modified":"2026-03-04T16:40:52","modified_gmt":"2026-03-04T16:40:52","slug":"inicio","status":"publish","type":"page","link":"https:\/\/nimbox.com\/es-do\/","title":{"rendered":"Inicio"},"content":{"rendered":"<p>[et_pb_section fb_built=\"1&#8243; fullwidth=\"on\" _builder_version=\"4.16&#8243; _module_preset=\"default\" da_disable_devices=\"off|off|off\" saved_tabs=\"all\" locked=\"off\" global_colors_info=\"{}\" da_is_popup=\"off\" da_exit_intent=\"off\" da_has_close=\"on\" da_alt_close=\"off\" da_dark_close=\"off\" da_not_modal=\"on\" da_is_singular=\"off\" da_with_loader=\"off\" da_has_shadow=\"on\"][et_pb_fullwidth_slider _builder_version=\"4.16&#8243; _module_preset=\"default\" global_colors_info=\"{}\"][et_pb_slide heading=\"UN CONTROL REMOTO PARA TU EMPRESA\" button_text=\"Quiero un demo\" button_link=\"@ET-DC@eyJkeW5hbWljIjp0cnVlLCJjb250ZW50IjoicG9zdF9saW5rX3VybF9wYWdlIiwic2V0dGluZ3MiOnsicG9zdF9pZCI6IjU0MiJ9fQ==@\" use_bg_overlay=\"on\" bg_overlay_color=\"rgba(0,53,86,0.21)\" _builder_version=\"4.16&#8243; _dynamic_attributes=\"button_link\" _module_preset=\"default\" header_font=\"Gotham Light|600|||||||\" header_font_size=\"46px\" body_font=\"Gotham Light|600|||||||\" body_font_size=\"18px\" background_image=\"https:\/\/nimbox.com\/wp-content\/uploads\/2021\/02\/banner-home.jpg\" background_enable_image=\"on\" custom_button=\"on\" button_text_color=\"#F05022&#8243; button_bg_color=\"#FFFFFF\" button_border_color=\"#FFFFFF\" button_border_radius=\"9px\" button_letter_spacing=\"1px\" button_font=\"Gotham bold 1||||||||\" button_alignment=\"left\" button_custom_margin=\"20px||||false|false\" button_custom_padding=\"||||false|false\" text_orientation=\"left\" width=\"100%\" max_width=\"100%\" custom_padding=\"|45%||1%|false|false\" custom_padding_tablet=\"\" custom_padding_phone=\"|30%|||false|false\" custom_padding_last_edited=\"on|phone\" header_font_size_tablet=\"\" header_font_size_phone=\"30px\" header_font_size_last_edited=\"on|desktop\" body_font_size_tablet=\"\" body_font_size_phone=\"\" body_font_size_last_edited=\"on|phone\" global_colors_info=\"{}\" sticky_transition=\"on\"]<\/p>\n<p>Imag\u00ednate tu empresa sin reportes fastidiosos, sin cuentos interminables, y a\u00fan as\u00ed, con mayor control desde donde est\u00e9s.<\/p>\n<p>[\/et_pb_slide][et_pb_slide heading=\"INF\u00d3RMATE MEJOR SOBRE TUS VENTAS\" button_text=\"Dime m\u00e1s&#8230;\" button_link=\"@ET-DC@eyJkeW5hbWljIjp0cnVlLCJjb250ZW50IjoicG9zdF9saW5rX3VybF9wYWdlIiwic2V0dGluZ3MiOnsicG9zdF9pZCI6IjU3MyJ9fQ==@\" use_bg_overlay=\"on\" bg_overlay_color=\"rgba(0,0,0,0.04)\" _builder_version=\"4.16&#8243; _dynamic_attributes=\"button_link\" _module_preset=\"default\" header_font=\"Gotham Light|700|||||||\" body_font=\"Gotham Light|600|||||||\" body_font_size=\"18px\" background_image=\"https:\/\/nimbox.com\/wp-content\/uploads\/2021\/02\/banner-sales.jpg\" background_enable_image=\"on\" custom_button=\"on\" button_text_color=\"#8c2b13&#8243; button_bg_color=\"#FFFFFF\" button_border_width=\"0px\" button_border_radius=\"9px\" button_letter_spacing=\"1px\" button_font=\"Gotham bold 1||||||||\" button_custom_margin=\"20px||||false|false\" text_orientation=\"left\" custom_padding=\"|50%||2%|false|false\" custom_padding_tablet=\"\" custom_padding_phone=\"|30%|||false|false\" custom_padding_last_edited=\"on|desktop\" header_font_size_tablet=\"\" header_font_size_phone=\"30px\" header_font_size_last_edited=\"on|phone\" global_colors_info=\"{}\" sticky_transition=\"on\"]<\/p>\n<p>Captura oportunidades y detecta problemas con tus clientes, vendedores y productos.<\/p>\n<p>[\/et_pb_slide][et_pb_slide heading=\"ORGAN\u00cdZATE PARA COBRAR M\u00c1S R\u00c1PIDO\" button_text=\"Dime m\u00e1s&#8230;\" button_link=\"@ET-DC@eyJkeW5hbWljIjp0cnVlLCJjb250ZW50IjoicG9zdF9saW5rX3VybF9wYWdlIiwic2V0dGluZ3MiOnsicG9zdF9pZCI6IjU2NiJ9fQ==@\" _builder_version=\"4.16&#8243; _dynamic_attributes=\"button_link\" _module_preset=\"default\" header_font=\"Gotham Light|700|||||||\" body_font=\"Gotham Light|600|||||||\" body_font_size=\"18px\" background_image=\"https:\/\/nimbox.com\/wp-content\/uploads\/2021\/02\/banner-ar.jpg\" background_enable_image=\"on\" custom_button=\"on\" button_text_color=\"#00607F\" button_bg_color=\"#FFFFFF\" button_border_width=\"-1px\" button_border_color=\"#FFFFFF\" button_border_radius=\"9px\" button_letter_spacing=\"1px\" button_font=\"Gotham bold 1||||||||\" button_custom_margin=\"20px||||false|false\" text_orientation=\"left\" custom_padding=\"|50%||2%|false|false\" custom_padding_tablet=\"\" custom_padding_phone=\"|30%|||false|false\" custom_padding_last_edited=\"on|desktop\" header_font_size_tablet=\"\" header_font_size_phone=\"30px\" header_font_size_last_edited=\"on|desktop\" global_colors_info=\"{}\" sticky_transition=\"on\"]<\/p>\n<p>Identifica r\u00e1pidamente a quien llamar y prep\u00e1rate mejor para cobrarles.<\/p>\n<p>[\/et_pb_slide][et_pb_slide heading=\"NO PIERDAS TIEMPO EN LO QUE NO VENDE\" button_text=\"Dime m\u00e1s&#8230;\" button_link=\"@ET-DC@eyJkeW5hbWljIjp0cnVlLCJjb250ZW50IjoicG9zdF9saW5rX3VybF9wYWdlIiwic2V0dGluZ3MiOnsicG9zdF9pZCI6IjIyNCJ9fQ==@\" _builder_version=\"4.16&#8243; _dynamic_attributes=\"button_link\" _module_preset=\"default\" header_font=\"Gotham Light|600|||||||\" body_font=\"Gotham Light|600|||||||\" body_font_size=\"18px\" background_image=\"https:\/\/nimbox.com\/wp-content\/uploads\/2021\/02\/banner-rep.jpg\" background_enable_image=\"on\" custom_button=\"on\" button_text_color=\"#F9A11A\" button_bg_color=\"#FFFFFF\" button_border_width=\"1px\" button_border_color=\"#FFFFFF\" button_border_radius=\"9px\" button_letter_spacing=\"1px\" button_font=\"Gotham bold 1||||||||\" button_custom_margin=\"20px||||false|false\" text_orientation=\"left\" custom_padding=\"|50%||5%|false|false\" custom_padding_tablet=\"\" custom_padding_phone=\"|30%||2%|false|false\" custom_padding_last_edited=\"on|desktop\" header_font_size_tablet=\"\" header_font_size_phone=\"30px\" header_font_size_last_edited=\"on|phone\" global_colors_info=\"{}\" sticky_transition=\"on\"]<\/p>\n<p>Mant\u00e9n toda la informaci\u00f3n de tus clientes en tu m\u00f3vil para no estar llamando a la oficina, aprovechar el tiempo y vender m\u00e1s.<\/p>\n<p>[\/et_pb_slide][\/et_pb_fullwidth_slider][\/et_pb_section][et_pb_section fb_built=\"1&#8243; _builder_version=\"4.16&#8243; _module_preset=\"default\" da_disable_devices=\"off|off|off\" global_colors_info=\"{}\" da_is_popup=\"off\" da_exit_intent=\"off\" da_has_close=\"on\" da_alt_close=\"off\" da_dark_close=\"off\" da_not_modal=\"on\" da_is_singular=\"off\" da_with_loader=\"off\" da_has_shadow=\"on\"][et_pb_row _builder_version=\"4.16&#8243; _module_preset=\"default\" locked=\"off\" global_colors_info=\"{}\"][et_pb_column type=\"4_4&#8243; _builder_version=\"4.16&#8243; _module_preset=\"default\" global_colors_info=\"{}\"][et_pb_text _builder_version=\"4.16&#8243; _module_preset=\"default\" width=\"50%\" width_tablet=\"50%\" width_phone=\"100%\" width_last_edited=\"on|phone\" module_alignment=\"center\" global_colors_info=\"{}\"]<\/p>\n<h2 style=\"text-align: center;\">\u00a1AHORA! es verdaderamente f\u00e1cil saber qu\u00e9 est\u00e1 pasando en tu empresa.<\/h2>\n<p style=\"text-align: center;\">Ent\u00e9rate y act\u00faa a tiempo. Las aplicaciones de nimbox lo hacen evidente.<\/p>\n<p>[\/et_pb_text][\/et_pb_column][\/et_pb_row][\/et_pb_section][et_pb_section fb_built=\"1&#8243; _builder_version=\"4.16&#8243; _module_preset=\"default\" da_disable_devices=\"off|off|off\" global_colors_info=\"{}\" da_is_popup=\"off\" da_exit_intent=\"off\" da_has_close=\"on\" da_alt_close=\"off\" da_dark_close=\"off\" da_not_modal=\"on\" da_is_singular=\"off\" da_with_loader=\"off\" da_has_shadow=\"on\"][et_pb_row column_structure=\"1_3,1_3,1_3&#8243; make_equal=\"on\" _builder_version=\"4.16&#8243; _module_preset=\"default\" global_colors_info=\"{}\"][et_pb_column type=\"1_3&#8243; _builder_version=\"4.16&#8243; _module_preset=\"default\" global_colors_info=\"{}\"][et_pb_image src=\"https:\/\/nimbox.com\/wp-content\/uploads\/2021\/02\/application-ar-icon.svg\" title_text=\"application-ar-icon\" admin_label=\"Image\" _builder_version=\"4.16&#8243; _module_preset=\"default\" width=\"35%\" module_alignment=\"center\" locked=\"off\" global_colors_info=\"{}\"][\/et_pb_image][et_pb_cta title=\"CUENTAS POR COBRAR\" button_url=\"@ET-DC@eyJkeW5hbWljIjp0cnVlLCJjb250ZW50IjoicG9zdF9saW5rX3VybF9wYWdlIiwic2V0dGluZ3MiOnsicG9zdF9pZCI6IjE3OCJ9fQ==@\" button_text=\"Dime m\u00e1s\" _builder_version=\"4.16&#8243; _dynamic_attributes=\"button_url\" _module_preset=\"default\" use_background_color=\"off\" background_layout=\"light\" custom_padding=\"0px|||||\" locked=\"off\" global_colors_info=\"{}\"]Identifica r\u00e1pidamente a qui\u00e9n llamar y prep\u00e1rate mejor para cobrarles.<br \/>\n[\/et_pb_cta][\/et_pb_column][et_pb_column type=\"1_3&#8243; _builder_version=\"4.16&#8243; _module_preset=\"default\" global_colors_info=\"{}\"][et_pb_image src=\"https:\/\/nimbox.com\/wp-content\/uploads\/2021\/02\/application-sales-icon.svg\" title_text=\"application-sales-icon\" _builder_version=\"4.16&#8243; _module_preset=\"default\" width=\"35%\" module_alignment=\"center\" locked=\"off\" global_colors_info=\"{}\"][\/et_pb_image][et_pb_cta title=\"SUPERVISI\u00d3N DE VENTAS\" button_url=\"@ET-DC@eyJkeW5hbWljIjp0cnVlLCJjb250ZW50IjoicG9zdF9saW5rX3VybF9wYWdlIiwic2V0dGluZ3MiOnsicG9zdF9pZCI6IjIxOCJ9fQ==@\" button_text=\"Dime m\u00e1s\" _builder_version=\"4.16&#8243; _dynamic_attributes=\"button_url\" _module_preset=\"default\" use_background_color=\"off\" background_layout=\"light\" custom_padding=\"0px|||||\" locked=\"off\" global_colors_info=\"{}\"]<\/p>\n<p>Captura oportunidades y detecta problemas con tus clientes, vendedores y productos.<\/p>\n<p>[\/et_pb_cta][\/et_pb_column][et_pb_column type=\"1_3&#8243; _builder_version=\"4.16&#8243; _module_preset=\"default\" global_colors_info=\"{}\"][et_pb_image src=\"https:\/\/nimbox.com\/wp-content\/uploads\/2021\/02\/application-ontrack-icon-1.svg\" title_text=\"application-ontrack-icon\" _builder_version=\"4.16&#8243; _module_preset=\"default\" width=\"35%\" module_alignment=\"center\" global_colors_info=\"{}\"][\/et_pb_image][et_pb_cta title=\"APOYO AL VENDEDOR\" button_url=\"@ET-DC@eyJkeW5hbWljIjp0cnVlLCJjb250ZW50IjoicG9zdF9saW5rX3VybF9wYWdlIiwic2V0dGluZ3MiOnsicG9zdF9pZCI6IjIyNCJ9fQ==@\" button_text=\"Dime m\u00e1s\" _builder_version=\"4.16&#8243; _dynamic_attributes=\"button_url\" _module_preset=\"default\" use_background_color=\"off\" background_layout=\"light\" custom_padding=\"0px|||||\" global_colors_info=\"{}\"]Acompa\u00f1a a tus vendedores con sus clientes para que mejoren las ventas<br \/>\n[\/et_pb_cta][\/et_pb_column][\/et_pb_row][\/et_pb_section][et_pb_section fb_built=\"1&#8243; next_background_color=\"#ffffff\" _builder_version=\"4.16&#8243; _module_preset=\"default\" background_color=\"#4ec0e0&#8243; bottom_divider_style=\"curve\" bottom_divider_height=\"45px\" da_disable_devices=\"off|off|off\" locked=\"off\" global_colors_info=\"{}\" da_is_popup=\"off\" da_exit_intent=\"off\" da_has_close=\"on\" da_alt_close=\"off\" da_dark_close=\"off\" da_not_modal=\"on\" da_is_singular=\"off\" da_with_loader=\"off\" da_has_shadow=\"on\"][et_pb_row _builder_version=\"4.16&#8243; _module_preset=\"default\" global_colors_info=\"{}\"][et_pb_column type=\"4_4&#8243; _builder_version=\"4.16&#8243; _module_preset=\"default\" global_colors_info=\"{}\"][et_pb_cta title=\"La instalaci\u00f3n toma una hora y la aplicaci\u00f3n de cuentas por cobrar es tan solo $208 al mes\" button_url=\"@ET-DC@eyJkeW5hbWljIjp0cnVlLCJjb250ZW50IjoicG9zdF9saW5rX3VybF9wYWdlIiwic2V0dGluZ3MiOnsicG9zdF9pZCI6IjUyMyJ9fQ==@\" button_text=\"Revisa los precios\" _builder_version=\"4.17.4&#8243; _dynamic_attributes=\"button_url\" _module_preset=\"default\" background_color=\"RGBA(0,0,0,0)\" width=\"75%\" width_tablet=\"100%\" width_phone=\"100%\" width_last_edited=\"on|phone\" module_alignment=\"center\" global_colors_info=\"{}\"][\/et_pb_cta][\/et_pb_column][\/et_pb_row][\/et_pb_section][et_pb_section fb_built=\"1&#8243; _builder_version=\"4.16&#8243; _module_preset=\"default\" da_disable_devices=\"off|off|off\" locked=\"off\" global_colors_info=\"{}\" da_is_popup=\"off\" da_exit_intent=\"off\" da_has_close=\"on\" da_alt_close=\"off\" da_dark_close=\"off\" da_not_modal=\"on\" da_is_singular=\"off\" da_with_loader=\"off\" da_has_shadow=\"on\"][et_pb_row _builder_version=\"4.16&#8243; _module_preset=\"default\" global_colors_info=\"{}\"][et_pb_column type=\"4_4&#8243; _builder_version=\"4.16&#8243; _module_preset=\"default\" global_colors_info=\"{}\"][et_pb_text _builder_version=\"4.16&#8243; _module_preset=\"default\" max_width=\"50%\" module_alignment=\"center\" global_colors_info=\"{}\"]<\/p>\n<h2 style=\"text-align: center;\">Nuestros clientes ya han comprobado los beneficios de nimbox<\/h2>\n<p>[\/et_pb_text][et_pb_image src=\"https:\/\/nimbox.com\/wp-content\/uploads\/2021\/11\/logos-small.jpg\" title_text=\"logos small\" align=\"center\" _builder_version=\"4.16&#8243; _module_preset=\"default\" width=\"65%\" width_tablet=\"87%\" width_phone=\"100%\" width_last_edited=\"on|desktop\" custom_margin=\"-28px|||||\" global_colors_info=\"{}\"][\/et_pb_image][\/et_pb_column][\/et_pb_row][et_pb_row column_structure=\"1_3,1_3,1_3&#8243; _builder_version=\"4.16&#8243; _module_preset=\"default\" global_colors_info=\"{}\"][et_pb_column type=\"1_3&#8243; _builder_version=\"4.16&#8243; _module_preset=\"default\" global_colors_info=\"{}\"][et_pb_testimonial author=\"Luis Robles\" job_title=\"Director General\" company_name=\"Disfarcamp SRL\" _builder_version=\"4.18.0&#8243; _module_preset=\"default\" body_font=\"||||||||\" body_text_color=\"#000000&#8243; body_font_size=\"13.5px\" global_colors_info=\"{}\"]<\/p>\n<p><span style=\"font-size: medium; color: #000000;\"><span style=\"font-family: 'Open Sans'; font-weight: normal;\">\"El<\/span><span style=\"font-family: 'Open Sans';\"> sistema nos permite agendar cuando un cliente har\u00e1 los pagos, conocer d\u00edas de retraso en la cartera de los vendedores y la ventaja de que es un software bastante amistoso con un soporte esencial\"<\/span><\/span><\/p>\n<p>[\/et_pb_testimonial][\/et_pb_column][et_pb_column type=\"1_3&#8243; _builder_version=\"4.16&#8243; _module_preset=\"default\" global_colors_info=\"{}\"][et_pb_testimonial author=\"Fernando Bueno\" job_title=\"Ejecutivo de Ventas\" company_name=\"Tonos y Colores\" _builder_version=\"4.16&#8243; _module_preset=\"default\" body_text_color=\"rgba(0,0,0,0.51)\" body_line_height=\"1.8em\" global_colors_info=\"{}\"]<\/p>\n<p><span style=\"font-family: 'Open Sans'; font-weight: normal; color: #000000; font-size: medium;\">\"Nimbox realmente cambi\u00f3 nuestra forma de trabajo, se acab\u00f3 el papeleo, la informaci\u00f3n la tenemos a la mano y los vendedores manejan sus clientes de una forma m\u00e1s organizada. Todo lo tenemos en el celular.\"<\/span><\/p>\n<p>[\/et_pb_testimonial][\/et_pb_column][et_pb_column type=\"1_3&#8243; _builder_version=\"4.16&#8243; _module_preset=\"default\" global_colors_info=\"{}\"][et_pb_testimonial author=\"Caroline Martinez\" job_title=\"Enc. Cuentas por Cobrar \" company_name=\"Sedecorp\" _builder_version=\"4.16&#8243; _module_preset=\"default\" body_text_color=\"rgba(0,0,0,0.51)\" body_font_size=\"13.5px\" global_colors_info=\"{}\"]<\/p>\n<p><span style=\"font-size: medium; color: #000000;\"><span style=\"font-family: 'Open Sans'; font-weight: normal;\">\"Antes ten\u00eda que digitar manualmente cada cliente, me retrasaba, perd\u00eda mucho tiempo y adem\u00e1s se me perd\u00edan datos. Nimbox me ha agilizado mucho el trabajo, Puedo usarlo en el celular o en\u00a0 la computadora. A todos lados Nimbox siempre est\u00e1.\"<\/span><\/span><\/p>\n<p>[\/et_pb_testimonial][\/et_pb_column][\/et_pb_row][\/et_pb_section][et_pb_section fb_built=\"1&#8243; prev_background_color=\"#ffffff\" next_background_color=\"#ffffff\" _builder_version=\"4.16&#8243; _module_preset=\"default\" background_color=\"#F05022&#8243; custom_margin=\"||38px|||\" top_divider_style=\"wave\" top_divider_height=\"45px\" bottom_divider_style=\"curve\" da_disable_devices=\"off|off|off\" global_colors_info=\"{}\" da_is_popup=\"off\" da_exit_intent=\"off\" da_has_close=\"on\" da_alt_close=\"off\" da_dark_close=\"off\" da_not_modal=\"on\" da_is_singular=\"off\" da_with_loader=\"off\" da_has_shadow=\"on\"][et_pb_row _builder_version=\"4.16&#8243; _module_preset=\"default\" background_color=\"RGBA(0,0,0,0)\" border_radii=\"on|30px|30px|30px|30px\" global_colors_info=\"{}\"][et_pb_column type=\"4_4&#8243; _builder_version=\"4.16&#8243; _module_preset=\"default\" global_colors_info=\"{}\"][et_pb_text _builder_version=\"4.16&#8243; _module_preset=\"default\" text_text_color=\"#FFFFFF\" text_font_size=\"30px\" global_colors_info=\"{}\"]<\/p>\n<p style=\"text-align: center;\">M\u00e1s de<\/p>\n<p>[\/et_pb_text][et_pb_number_counter title=\"Personas est\u00e1n usando Nimbox en este momento \" number=\"1295&#8243; percent_sign=\"off\" _builder_version=\"4.16&#8243; _module_preset=\"default\" title_text_align=\"center\" title_text_color=\"#FFFFFF\" title_font_size=\"25px\" number_font=\"|600|||||||\" number_text_color=\"#FFFFFF\" number_font_size=\"71px\" number_letter_spacing=\"1px\" global_colors_info=\"{}\"][\/et_pb_number_counter][et_pb_button button_url=\"@ET-DC@eyJkeW5hbWljIjp0cnVlLCJjb250ZW50IjoicG9zdF9saW5rX3VybF9wYWdlIiwic2V0dGluZ3MiOnsicG9zdF9pZCI6IjUwMyJ9fQ==@\" button_text=\"\u00danete a la comunidad\" button_alignment=\"center\" _builder_version=\"4.16&#8243; _dynamic_attributes=\"button_url\" _module_preset=\"default\" custom_button=\"on\" button_text_size=\"21px\" button_text_color=\"#F05022&#8243; button_bg_color=\"#FFFFFF\" button_border_color=\"#FFFFFF\" button_border_radius=\"38px\" button_letter_spacing=\"1px\" button_font=\"|600|||||||\" global_colors_info=\"{}\" transform_styles__hover_enabled=\"on|hover\" transform_scale__hover_enabled=\"on|hover\" transform_translate__hover_enabled=\"on|desktop\" transform_rotate__hover_enabled=\"on|desktop\" transform_skew__hover_enabled=\"on|desktop\" transform_origin__hover_enabled=\"on|desktop\" transform_scale__hover=\"103%|103%\"][\/et_pb_button][\/et_pb_column][\/et_pb_row][\/et_pb_section]<\/p>\n","protected":false},"excerpt":{"rendered":"<p>Imag\u00ednate tu empresa sin reportes fastidiosos, sin cuentos interminables, y a\u00fan as\u00ed, con mayor control desde donde est\u00e9s.Captura oportunidades y detecta problemas con tus clientes, vendedores y productos.Identifica r\u00e1pidamente a quien llamar y prep\u00e1rate mejor para cobrarles.Mant\u00e9n toda la informaci\u00f3n de tus clientes en tu m\u00f3vil para no estar llamando a la oficina, aprovechar el [&hellip;]<\/p>\n","protected":false},"author":2,"featured_media":0,"parent":0,"menu_order":0,"comment_status":"closed","ping_status":"closed","template":"","meta":{"_et_pb_use_builder":"on","_et_pb_old_content":"","_et_gb_content_width":"","inline_featured_image":false,"footnotes":""},"class_list":["post-60","page","type-page","status-publish","hentry"],"yoast_head":"<!-- This site is optimized with the Yoast SEO Premium plugin v21.8 (Yoast SEO v21.8.1) - https:\/\/yoast.com\/wordpress\/plugins\/seo\/ -->\n<title>Inicio - nimbox<\/title>\n<meta name=\"description\" content=\"Un control remoto para tu empresa. Queremos facilitar la transformaci\u00f3n digital de empresas de todos los tama\u00f1os en esta nueva era de trabajo remoto.\" \/>\n<meta name=\"robots\" content=\"index, follow, max-snippet:-1, max-image-preview:large, max-video-preview:-1\" \/>\n<link rel=\"canonical\" href=\"https:\/\/nimbox.com\/es-do\/\" \/>\n<meta property=\"og:locale\" content=\"es_ES\" \/>\n<meta property=\"og:type\" content=\"article\" \/>\n<meta property=\"og:title\" content=\"Inicio\" \/>\n<meta property=\"og:description\" content=\"Un control remoto para tu empresa. Queremos facilitar la transformaci\u00f3n digital de empresas de todos los tama\u00f1os en esta nueva era de trabajo remoto.\" \/>\n<meta property=\"og:url\" content=\"https:\/\/nimbox.com\/es-do\/\" \/>\n<meta property=\"og:site_name\" content=\"nimbox\" \/>\n<meta property=\"article:publisher\" content=\"https:\/\/www.facebook.com\/nimbox\" \/>\n<meta property=\"article:modified_time\" content=\"2026-03-04T16:40:52+00:00\" \/>\n<meta name=\"twitter:card\" content=\"summary_large_image\" \/>\n<meta name=\"twitter:site\" content=\"@nimbox\" \/>\n<meta name=\"twitter:label1\" content=\"Est. reading time\" \/>\n\t<meta name=\"twitter:data1\" content=\"3 minutos\" \/>\n<script type=\"application\/ld+json\" class=\"yoast-schema-graph\">{\"@context\":\"https:\/\/schema.org\",\"@graph\":[{\"@type\":\"WebPage\",\"@id\":\"https:\/\/nimbox.com\/es-do\/\",\"url\":\"https:\/\/nimbox.com\/es-do\/\",\"name\":\"Inicio - nimbox\",\"isPartOf\":{\"@id\":\"https:\/\/nimbox.com\/#website\"},\"datePublished\":\"2021-02-10T04:31:28+00:00\",\"dateModified\":\"2026-03-04T16:40:52+00:00\",\"description\":\"Un control remoto para tu empresa. Queremos facilitar la transformaci\u00f3n digital de empresas de todos los tama\u00f1os en esta nueva era de trabajo remoto.\",\"breadcrumb\":{\"@id\":\"https:\/\/nimbox.com\/es-do\/#breadcrumb\"},\"inLanguage\":\"es-DO\",\"potentialAction\":[{\"@type\":\"ReadAction\",\"target\":[\"https:\/\/nimbox.com\/es-do\/\"]}]},{\"@type\":\"BreadcrumbList\",\"@id\":\"https:\/\/nimbox.com\/es-do\/#breadcrumb\",\"itemListElement\":[{\"@type\":\"ListItem\",\"position\":1,\"name\":\"Home\",\"item\":\"https:\/\/nimbox.com\/es-do\/\"},{\"@type\":\"ListItem\",\"position\":2,\"name\":\"Inicio\"}]},{\"@type\":\"WebSite\",\"@id\":\"https:\/\/nimbox.com\/#website\",\"url\":\"https:\/\/nimbox.com\/\",\"name\":\"nimbox\",\"description\":\"Un control remoto para tu empresa\",\"publisher\":{\"@id\":\"https:\/\/nimbox.com\/#organization\"},\"potentialAction\":[{\"@type\":\"SearchAction\",\"target\":{\"@type\":\"EntryPoint\",\"urlTemplate\":\"https:\/\/nimbox.com\/?s={search_term_string}\"},\"query-input\":\"required name=search_term_string\"}],\"inLanguage\":\"es-DO\"},{\"@type\":\"Organization\",\"@id\":\"https:\/\/nimbox.com\/#organization\",\"name\":\"nimbox\",\"url\":\"https:\/\/nimbox.com\/\",\"logo\":{\"@type\":\"ImageObject\",\"inLanguage\":\"es-DO\",\"@id\":\"https:\/\/nimbox.com\/#\/schema\/logo\/image\/\",\"url\":\"https:\/\/nimbox.com\/wp-content\/uploads\/2021\/02\/nimbox-icon-color.svg\",\"contentUrl\":\"https:\/\/nimbox.com\/wp-content\/uploads\/2021\/02\/nimbox-icon-color.svg\",\"width\":\"1024\",\"height\":\"1024\",\"caption\":\"nimbox\"},\"image\":{\"@id\":\"https:\/\/nimbox.com\/#\/schema\/logo\/image\/\"},\"sameAs\":[\"https:\/\/www.facebook.com\/nimbox\",\"https:\/\/twitter.com\/nimbox\",\"https:\/\/www.instagram.com\/nimboxdo\",\"http:\/\/www.linkedin.com\/company\/nimbox-com\"]}]}<\/script>\n<!-- \/ Yoast SEO Premium plugin. -->","yoast_head_json":{"title":"Inicio - nimbox","description":"Un control remoto para tu empresa. Queremos facilitar la transformaci\u00f3n digital de empresas de todos los tama\u00f1os en esta nueva era de trabajo remoto.","robots":{"index":"index","follow":"follow","max-snippet":"max-snippet:-1","max-image-preview":"max-image-preview:large","max-video-preview":"max-video-preview:-1"},"canonical":"https:\/\/nimbox.com\/es-do\/","og_locale":"es_ES","og_type":"article","og_title":"Inicio","og_description":"Un control remoto para tu empresa. Queremos facilitar la transformaci\u00f3n digital de empresas de todos los tama\u00f1os en esta nueva era de trabajo remoto.","og_url":"https:\/\/nimbox.com\/es-do\/","og_site_name":"nimbox","article_publisher":"https:\/\/www.facebook.com\/nimbox","article_modified_time":"2026-03-04T16:40:52+00:00","twitter_card":"summary_large_image","twitter_site":"@nimbox","twitter_misc":{"Est. reading time":"3 minutos"},"schema":{"@context":"https:\/\/schema.org","@graph":[{"@type":"WebPage","@id":"https:\/\/nimbox.com\/es-do\/","url":"https:\/\/nimbox.com\/es-do\/","name":"Inicio - nimbox","isPartOf":{"@id":"https:\/\/nimbox.com\/#website"},"datePublished":"2021-02-10T04:31:28+00:00","dateModified":"2026-03-04T16:40:52+00:00","description":"Un control remoto para tu empresa. Queremos facilitar la transformaci\u00f3n digital de empresas de todos los tama\u00f1os en esta nueva era de trabajo remoto.","breadcrumb":{"@id":"https:\/\/nimbox.com\/es-do\/#breadcrumb"},"inLanguage":"es-DO","potentialAction":[{"@type":"ReadAction","target":["https:\/\/nimbox.com\/es-do\/"]}]},{"@type":"BreadcrumbList","@id":"https:\/\/nimbox.com\/es-do\/#breadcrumb","itemListElement":[{"@type":"ListItem","position":1,"name":"Home","item":"https:\/\/nimbox.com\/es-do\/"},{"@type":"ListItem","position":2,"name":"Inicio"}]},{"@type":"WebSite","@id":"https:\/\/nimbox.com\/#website","url":"https:\/\/nimbox.com\/","name":"nimbox","description":"Un control remoto para tu empresa","publisher":{"@id":"https:\/\/nimbox.com\/#organization"},"potentialAction":[{"@type":"SearchAction","target":{"@type":"EntryPoint","urlTemplate":"https:\/\/nimbox.com\/?s={search_term_string}"},"query-input":"required name=search_term_string"}],"inLanguage":"es-DO"},{"@type":"Organization","@id":"https:\/\/nimbox.com\/#organization","name":"nimbox","url":"https:\/\/nimbox.com\/","logo":{"@type":"ImageObject","inLanguage":"es-DO","@id":"https:\/\/nimbox.com\/#\/schema\/logo\/image\/","url":"https:\/\/nimbox.com\/wp-content\/uploads\/2021\/02\/nimbox-icon-color.svg","contentUrl":"https:\/\/nimbox.com\/wp-content\/uploads\/2021\/02\/nimbox-icon-color.svg","width":"1024","height":"1024","caption":"nimbox"},"image":{"@id":"https:\/\/nimbox.com\/#\/schema\/logo\/image\/"},"sameAs":["https:\/\/www.facebook.com\/nimbox","https:\/\/twitter.com\/nimbox","https:\/\/www.instagram.com\/nimboxdo","http:\/\/www.linkedin.com\/company\/nimbox-com"]}]}},"_links":{"self":[{"href":"https:\/\/nimbox.com\/es-do\/wp-json\/wp\/v2\/pages\/60","targetHints":{"allow":["GET"]}}],"collection":[{"href":"https:\/\/nimbox.com\/es-do\/wp-json\/wp\/v2\/pages"}],"about":[{"href":"https:\/\/nimbox.com\/es-do\/wp-json\/wp\/v2\/types\/page"}],"author":[{"embeddable":true,"href":"https:\/\/nimbox.com\/es-do\/wp-json\/wp\/v2\/users\/2"}],"replies":[{"embeddable":true,"href":"https:\/\/nimbox.com\/es-do\/wp-json\/wp\/v2\/comments?post=60"}],"version-history":[{"count":38,"href":"https:\/\/nimbox.com\/es-do\/wp-json\/wp\/v2\/pages\/60\/revisions"}],"predecessor-version":[{"id":4261,"href":"https:\/\/nimbox.com\/es-do\/wp-json\/wp\/v2\/pages\/60\/revisions\/4261"}],"wp:attachment":[{"href":"https:\/\/nimbox.com\/es-do\/wp-json\/wp\/v2\/media?parent=60"}],"curies":[{"name":"wp","href":"https:\/\/api.w.org\/{rel}","templated":true}]}}