{"id":2912,"date":"2021-10-18T14:56:42","date_gmt":"2021-10-18T14:56:42","guid":{"rendered":"https:\/\/nimbox.com\/sobre-nimbox\/"},"modified":"2022-06-27T17:40:18","modified_gmt":"2022-06-27T17:40:18","slug":"sobre-nimbox","status":"publish","type":"page","link":"https:\/\/nimbox.com\/es-ve\/landing\/sobre-nimbox\/","title":{"rendered":"Sobre Nimbox"},"content":{"rendered":"<p>[et_pb_section fb_built=\u00bb1&#8243; _builder_version=\u00bb4.17.4&#8243; _module_preset=\u00bbdefault\u00bb background_color=\u00bbrgba(0,96,127,0.24)\u00bb background_image=\u00bbhttps:\/\/nimbox.com\/wp-content\/uploads\/2022\/06\/Team-work.jpeg\u00bb background_blend=\u00bboverlay\u00bb custom_margin=\u00bb||||false|false\u00bb custom_padding=\u00bb100px||100px||false|false\u00bb da_disable_devices=\u00bboff|off|off\u00bb global_colors_info=\u00bb{}\u00bb da_is_popup=\u00bboff\u00bb da_exit_intent=\u00bboff\u00bb da_has_close=\u00bbon\u00bb da_alt_close=\u00bboff\u00bb da_dark_close=\u00bboff\u00bb da_not_modal=\u00bbon\u00bb da_is_singular=\u00bboff\u00bb da_with_loader=\u00bboff\u00bb da_has_shadow=\u00bbon\u00bb][et_pb_row _builder_version=\u00bb4.17.4&#8243; _module_preset=\u00bbdefault\u00bb global_colors_info=\u00bb{}\u00bb][et_pb_column type=\u00bb4_4&#8243; _builder_version=\u00bb4.17.4&#8243; _module_preset=\u00bbdefault\u00bb global_colors_info=\u00bb{}\u00bb][et_pb_image src=\u00bbhttps:\/\/nimbox.com\/wp-content\/uploads\/2021\/10\/@Isabella-2021-10-25T165313.318-1.png\u00bb title_text=\u00bb@Isabella &#8211; 2021-10-25T165313.318&#8243; _builder_version=\u00bb4.17.4&#8243; _module_preset=\u00bbdefault\u00bb width=\u00bb100%\u00bb max_width=\u00bb70%\u00bb module_alignment=\u00bbcenter\u00bb global_colors_info=\u00bb{}\u00bb][\/et_pb_image][et_pb_text _builder_version=\u00bb4.17.4&#8243; _module_preset=\u00bbdefault\u00bb text_font=\u00bbGotham bold 1||||||||\u00bb text_text_color=\u00bb#FFFFFF\u00bb global_colors_info=\u00bb{}\u00bb]<\/p>\n<p style=\"text-align: center;\"><strong>Nimbox es un innovador software que entiende el valor humano detr\u00e1s del trabajo\u2026<\/strong><\/p>\n<p>[\/et_pb_text][\/et_pb_column][\/et_pb_row][\/et_pb_section][et_pb_section fb_built=\u00bb1&#8243; _builder_version=\u00bb4.17.4&#8243; _module_preset=\u00bbdefault\u00bb background_image=\u00bbhttps:\/\/nimbox.com\/wp-content\/uploads\/2021\/02\/banner-home.jpg\u00bb background_enable_mask_style=\u00bbon\u00bb background_mask_style=\u00bbcaret\u00bb background_mask_color=\u00bb#00607f\u00bb background_mask_blend_mode=\u00bbmultiply\u00bb da_disable_devices=\u00bboff|off|off\u00bb global_colors_info=\u00bb{}\u00bb da_is_popup=\u00bboff\u00bb da_exit_intent=\u00bboff\u00bb da_has_close=\u00bbon\u00bb da_alt_close=\u00bboff\u00bb da_dark_close=\u00bboff\u00bb da_not_modal=\u00bbon\u00bb da_is_singular=\u00bboff\u00bb da_with_loader=\u00bboff\u00bb da_has_shadow=\u00bbon\u00bb][et_pb_row column_structure=\u00bb1_2,1_2&#8243; _builder_version=\u00bb4.17.4&#8243; _module_preset=\u00bbdefault\u00bb global_colors_info=\u00bb{}\u00bb][et_pb_column type=\u00bb1_2&#8243; _builder_version=\u00bb4.17.4&#8243; _module_preset=\u00bbdefault\u00bb global_colors_info=\u00bb{}\u00bb][et_pb_text _builder_version=\u00bb4.17.4&#8243; _module_preset=\u00bbdefault\u00bb text_text_color=\u00bb#FFFFFF\u00bb header_font=\u00bbGotham bold 1||||||||\u00bb header_text_color=\u00bb#FFFFFF\u00bb global_colors_info=\u00bb{}\u00bb]<\/p>\n<h1><strong>\u00a1Agenda una demostraci\u00f3n gratuita con nosotros!<\/strong><\/h1>\n<p>[\/et_pb_text][et_pb_text _builder_version=\u00bb4.17.4&#8243; _module_preset=\u00bbdefault\u00bb text_text_color=\u00bb#FFFFFF\u00bb global_colors_info=\u00bb{}\u00bb]<\/p>\n<p>Te ofrecemos una reuni\u00f3n con nuestros representantes de venta para que conozcas los beneficios que puede traer las aplicaciones de Nimbox a tu negocio. Evalua el estado actual de tu gesti\u00f3n y conoce:<\/p>\n<p>[\/et_pb_text][et_pb_text _builder_version=\u00bb4.17.4&#8243; _module_preset=\u00bbdefault\u00bb text_text_color=\u00bb#FFFFFF\u00bb global_colors_info=\u00bb{}\u00bb]<\/p>\n<ul>\n<li>C\u00f3mo puedes gestionar r\u00e1pidamente la situaci\u00f3n de cobranzas de tu negocio.\u00a0<\/li>\n<li>Visualizar la deuda de cada cliente para saber qu\u00e9 medidas de seguimiento tomar.\u00a0<\/li>\n<li>C\u00f3mo agilizar el proceso de env\u00edo de correos a los clientes.\u00a0<\/li>\n<li>C\u00f3mo organizar las labores del equipo de cobranzas.<\/li>\n<li>Detectar r\u00e1pidamente los problemas.\u00a0<\/li>\n<li>Detectar oportunidades de venta por medio de analisis de compra.\u00a0<\/li>\n<li>Como medir el desempe\u00f1o de los vendedores.<\/li>\n<li>Como crear estrategias de activaci\u00f3n de clientes.<\/li>\n<li>C\u00f3mo centralizar pedidos y pagos desde un solo lugar.<\/li>\n<li>C\u00f3mo utlizar plataforma de comunicaci\u00f3n entre departamentos.\u00a0<\/li>\n<\/ul>\n<p>[\/et_pb_text][\/et_pb_column][et_pb_column type=\u00bb1_2&#8243; _builder_version=\u00bb4.17.4&#8243; _module_preset=\u00bbdefault\u00bb global_colors_info=\u00bb{}\u00bb][et_pb_contact_form captcha=\u00bboff\u00bb email=\u00bbinfo@nimbox.com\u00bb custom_message=\u00bbFormulario de contacto: Demo Gratuita||et_pb_line_break_holder||||et_pb_line_break_holder||Nombre: %%Name%%||et_pb_line_break_holder||Apellido: %%Last_Name%%||et_pb_line_break_holder||Celular: %%Phone%%||et_pb_line_break_holder||Direcci\u00f3n de correo: %%Email%%||et_pb_line_break_holder||Mensaje: %%Message%%||et_pb_line_break_holder||Cargo: %%Position%%||et_pb_line_break_holder||SA: %%SA%%\u00bb success_message=\u00bbGracias por confiar en Nimbox! Lo contactaremos en unos instantes.\u00bb submit_button_text=\u00bbAgendar\u00bb _builder_version=\u00bb4.17.4&#8243; _module_preset=\u00bbdefault\u00bb _unique_id=\u00bb63eb1c4a-3a90-4f2a-9f9c-af99649e60c1&#8243; form_field_custom_margin=\u00bb20px|20px|2px|20px|false|false\u00bb form_field_custom_padding=\u00bb10px|10px|10px|10px|false|false\u00bb form_field_font=\u00bbGotham Light||||||||\u00bb form_field_font_size=\u00bb15px\u00bb form_field_letter_spacing=\u00bb2px\u00bb form_field_line_height=\u00bb1.6em\u00bb background_color=\u00bb#F05022&#8243; custom_button=\u00bbon\u00bb button_text_size=\u00bb22px\u00bb button_text_color=\u00bb#00607F\u00bb button_bg_color=\u00bb#FFFFFF\u00bb button_border_width=\u00bb0px\u00bb button_border_radius=\u00bb4px\u00bb button_font=\u00bbGotham Light||||||||\u00bb button_icon_placement=\u00bbleft\u00bb button_custom_margin=\u00bb20px|20px|20px|20px|false|false\u00bb hover_enabled=\u00bb0&#8243; border_radii=\u00bbon|8px|8px|8px|8px\u00bb border_color_all=\u00bb#F05022&#8243; global_colors_info=\u00bb{}\u00bb sticky_enabled=\u00bb0&#8243; form_field_focus_background_color=\u00bb#FFFFFF\u00bb form_field_background_color=\u00bb#FFFFFF\u00bb][et_pb_contact_field field_id=\u00bbName\u00bb field_title=\u00bbNombre\u00bb fullwidth_field=\u00bbon\u00bb _builder_version=\u00bb4.17.4&#8243; _module_preset=\u00bbdefault\u00bb custom_padding=\u00bb20px||||false|false\u00bb global_colors_info=\u00bb{}\u00bb][\/et_pb_contact_field][et_pb_contact_field field_id=\u00bbLast_Name\u00bb field_title=\u00bbApellido\u00bb fullwidth_field=\u00bbon\u00bb _builder_version=\u00bb4.17.4&#8243; _module_preset=\u00bbdefault\u00bb global_colors_info=\u00bb{}\u00bb][\/et_pb_contact_field][et_pb_contact_field field_id=\u00bbPhone\u00bb field_title=\u00bbTel\u00e9fono\u00bb allowed_symbols=\u00bbnumbers\u00bb fullwidth_field=\u00bbon\u00bb _builder_version=\u00bb4.17.4&#8243; _module_preset=\u00bbdefault\u00bb global_colors_info=\u00bb{}\u00bb][\/et_pb_contact_field][et_pb_contact_field field_id=\u00bbEmail\u00bb field_title=\u00bbDirecci\u00f3n de correo\u00bb field_type=\u00bbemail\u00bb fullwidth_field=\u00bbon\u00bb _builder_version=\u00bb4.17.4&#8243; _module_preset=\u00bbdefault\u00bb global_colors_info=\u00bb{}\u00bb][\/et_pb_contact_field][et_pb_contact_field field_id=\u00bbPosition\u00bb field_title=\u00bbCargo\u00bb field_type=\u00bbselect\u00bb select_options=\u00bb%91{%22value%22:%22Due\u00f1o%22,%22checked%22:0,%22dragID%22:-1},{%22value%22:%22Supervisor%22,%22checked%22:0,%22dragID%22:0},{%22value%22:%22Departamento de cobranza%22,%22checked%22:0,%22dragID%22:1},{%22value%22:%22Vendedor%22,%22checked%22:0,%22dragID%22:2},{%22value%22:%22Otro%22,%22checked%22:0,%22dragID%22:3}%93&#8243; fullwidth_field=\u00bbon\u00bb _builder_version=\u00bb4.17.4&#8243; _module_preset=\u00bbdefault\u00bb global_colors_info=\u00bb{}\u00bb][\/et_pb_contact_field][et_pb_contact_field field_id=\u00bbSA\u00bb field_title=\u00bbSistema Administrativo\/contable\u00bb field_type=\u00bbselect\u00bb select_options=\u00bb%91{%22value%22:%22SAP%22,%22checked%22:0,%22dragID%22:-1},{%22value%22:%22Profit%22,%22checked%22:0,%22dragID%22:0},{%22value%22:%22Odoo%22,%22checked%22:0,%22dragID%22:1},{%22value%22:%22Microsoft Dynamics%22,%22checked%22:0,%22dragID%22:2},{%22value%22:%22Otro%22,%22checked%22:0,%22dragID%22:3}%93&#8243; fullwidth_field=\u00bbon\u00bb _builder_version=\u00bb4.17.4&#8243; _module_preset=\u00bbdefault\u00bb global_colors_info=\u00bb{}\u00bb][\/et_pb_contact_field][et_pb_contact_field field_id=\u00bbMessage\u00bb field_title=\u00bb\u00bfQu\u00e1 esperar\u00edas de nuestra reuni\u00f3n?\u00bb required_mark=\u00bboff\u00bb fullwidth_field=\u00bbon\u00bb _builder_version=\u00bb4.17.4&#8243; _module_preset=\u00bbdefault\u00bb global_colors_info=\u00bb{}\u00bb][\/et_pb_contact_field][\/et_pb_contact_form][\/et_pb_column][\/et_pb_row][\/et_pb_section]<\/p>\n","protected":false},"excerpt":{"rendered":"<p>Nimbox es un innovador software que entiende el valor humano detr\u00e1s del trabajo\u2026\u00a1Agenda una demostraci\u00f3n gratuita con nosotros!Te ofrecemos una reuni\u00f3n con nuestros representantes de venta para que conozcas los beneficios que puede traer las aplicaciones de Nimbox a tu negocio. Evalua el estado actual de tu gesti\u00f3n y conoce: C\u00f3mo puedes gestionar r\u00e1pidamente la [&hellip;]<\/p>\n","protected":false},"author":4,"featured_media":0,"parent":1034,"menu_order":0,"comment_status":"closed","ping_status":"closed","template":"","meta":{"_et_pb_use_builder":"on","_et_pb_old_content":"","_et_gb_content_width":"","inline_featured_image":false,"footnotes":""},"class_list":["post-2912","page","type-page","status-publish","hentry"],"yoast_head":"<!-- This site is optimized with the Yoast SEO Premium plugin v21.8 (Yoast SEO v21.8.1) - https:\/\/yoast.com\/wordpress\/plugins\/seo\/ -->\n<title>Sobre Nimbox - nimbox<\/title>\n<meta name=\"description\" content=\"Somos una soluci\u00f3n tecnol\u00f3gica para los problemas en las gestiones de cobros, ventas y supervisi\u00f3n.\" \/>\n<meta name=\"robots\" content=\"noindex, nofollow\" \/>\n<meta property=\"og:locale\" content=\"es_ES\" \/>\n<meta property=\"og:type\" content=\"article\" \/>\n<meta property=\"og:title\" content=\"Sobre Nimbox\" \/>\n<meta property=\"og:description\" content=\"Somos una soluci\u00f3n tecnol\u00f3gica para los problemas en las gestiones de cobros, ventas y supervisi\u00f3n.\" \/>\n<meta property=\"og:url\" content=\"https:\/\/nimbox.com\/es-ve\/landing\/sobre-nimbox\/\" \/>\n<meta property=\"og:site_name\" content=\"nimbox\" \/>\n<meta property=\"article:publisher\" content=\"https:\/\/www.facebook.com\/nimbox\" \/>\n<meta property=\"article:modified_time\" content=\"2022-06-27T17:40:18+00:00\" \/>\n<meta name=\"twitter:card\" content=\"summary_large_image\" \/>\n<meta name=\"twitter:site\" content=\"@nimbox\" \/>\n<meta name=\"twitter:label1\" content=\"Tiempo estimado de lectura\" \/>\n\t<meta name=\"twitter:data1\" content=\"13 minutos\" \/>\n<script type=\"application\/ld+json\" class=\"yoast-schema-graph\">{\"@context\":\"https:\/\/schema.org\",\"@graph\":[{\"@type\":\"WebPage\",\"@id\":\"https:\/\/nimbox.com\/es-ve\/landing\/sobre-nimbox\/\",\"url\":\"https:\/\/nimbox.com\/es-ve\/landing\/sobre-nimbox\/\",\"name\":\"Sobre Nimbox - nimbox\",\"isPartOf\":{\"@id\":\"https:\/\/nimbox.com\/#website\"},\"datePublished\":\"2021-10-18T14:56:42+00:00\",\"dateModified\":\"2022-06-27T17:40:18+00:00\",\"description\":\"Somos una soluci\u00f3n tecnol\u00f3gica para los problemas en las gestiones de cobros, ventas y supervisi\u00f3n.\",\"breadcrumb\":{\"@id\":\"https:\/\/nimbox.com\/es-ve\/landing\/sobre-nimbox\/#breadcrumb\"},\"inLanguage\":\"es\",\"potentialAction\":[{\"@type\":\"ReadAction\",\"target\":[\"https:\/\/nimbox.com\/es-ve\/landing\/sobre-nimbox\/\"]}]},{\"@type\":\"BreadcrumbList\",\"@id\":\"https:\/\/nimbox.com\/es-ve\/landing\/sobre-nimbox\/#breadcrumb\",\"itemListElement\":[{\"@type\":\"ListItem\",\"position\":1,\"name\":\"Home\",\"item\":\"https:\/\/nimbox.com\/es-ve\/\"},{\"@type\":\"ListItem\",\"position\":2,\"name\":\"Landing\",\"item\":\"https:\/\/nimbox.com\/landing\/\"},{\"@type\":\"ListItem\",\"position\":3,\"name\":\"Sobre Nimbox\"}]},{\"@type\":\"WebSite\",\"@id\":\"https:\/\/nimbox.com\/#website\",\"url\":\"https:\/\/nimbox.com\/\",\"name\":\"nimbox\",\"description\":\"Un control remoto para tu empresa\",\"publisher\":{\"@id\":\"https:\/\/nimbox.com\/#organization\"},\"potentialAction\":[{\"@type\":\"SearchAction\",\"target\":{\"@type\":\"EntryPoint\",\"urlTemplate\":\"https:\/\/nimbox.com\/?s={search_term_string}\"},\"query-input\":\"required name=search_term_string\"}],\"inLanguage\":\"es\"},{\"@type\":\"Organization\",\"@id\":\"https:\/\/nimbox.com\/#organization\",\"name\":\"nimbox\",\"url\":\"https:\/\/nimbox.com\/\",\"logo\":{\"@type\":\"ImageObject\",\"inLanguage\":\"es\",\"@id\":\"https:\/\/nimbox.com\/#\/schema\/logo\/image\/\",\"url\":\"https:\/\/nimbox.com\/wp-content\/uploads\/2021\/02\/nimbox-icon-color.svg\",\"contentUrl\":\"https:\/\/nimbox.com\/wp-content\/uploads\/2021\/02\/nimbox-icon-color.svg\",\"width\":\"1024\",\"height\":\"1024\",\"caption\":\"nimbox\"},\"image\":{\"@id\":\"https:\/\/nimbox.com\/#\/schema\/logo\/image\/\"},\"sameAs\":[\"https:\/\/www.facebook.com\/nimbox\",\"https:\/\/twitter.com\/nimbox\",\"https:\/\/www.instagram.com\/nimboxdo\",\"http:\/\/www.linkedin.com\/company\/nimbox-com\"]}]}<\/script>\n<!-- \/ Yoast SEO Premium plugin. -->","yoast_head_json":{"title":"Sobre Nimbox - nimbox","description":"Somos una soluci\u00f3n tecnol\u00f3gica para los problemas en las gestiones de cobros, ventas y supervisi\u00f3n.","robots":{"index":"noindex","follow":"nofollow"},"og_locale":"es_ES","og_type":"article","og_title":"Sobre Nimbox","og_description":"Somos una soluci\u00f3n tecnol\u00f3gica para los problemas en las gestiones de cobros, ventas y supervisi\u00f3n.","og_url":"https:\/\/nimbox.com\/es-ve\/landing\/sobre-nimbox\/","og_site_name":"nimbox","article_publisher":"https:\/\/www.facebook.com\/nimbox","article_modified_time":"2022-06-27T17:40:18+00:00","twitter_card":"summary_large_image","twitter_site":"@nimbox","twitter_misc":{"Tiempo estimado de lectura":"13 minutos"},"schema":{"@context":"https:\/\/schema.org","@graph":[{"@type":"WebPage","@id":"https:\/\/nimbox.com\/es-ve\/landing\/sobre-nimbox\/","url":"https:\/\/nimbox.com\/es-ve\/landing\/sobre-nimbox\/","name":"Sobre Nimbox - nimbox","isPartOf":{"@id":"https:\/\/nimbox.com\/#website"},"datePublished":"2021-10-18T14:56:42+00:00","dateModified":"2022-06-27T17:40:18+00:00","description":"Somos una soluci\u00f3n tecnol\u00f3gica para los problemas en las gestiones de cobros, ventas y supervisi\u00f3n.","breadcrumb":{"@id":"https:\/\/nimbox.com\/es-ve\/landing\/sobre-nimbox\/#breadcrumb"},"inLanguage":"es","potentialAction":[{"@type":"ReadAction","target":["https:\/\/nimbox.com\/es-ve\/landing\/sobre-nimbox\/"]}]},{"@type":"BreadcrumbList","@id":"https:\/\/nimbox.com\/es-ve\/landing\/sobre-nimbox\/#breadcrumb","itemListElement":[{"@type":"ListItem","position":1,"name":"Home","item":"https:\/\/nimbox.com\/es-ve\/"},{"@type":"ListItem","position":2,"name":"Landing","item":"https:\/\/nimbox.com\/landing\/"},{"@type":"ListItem","position":3,"name":"Sobre Nimbox"}]},{"@type":"WebSite","@id":"https:\/\/nimbox.com\/#website","url":"https:\/\/nimbox.com\/","name":"nimbox","description":"Un control remoto para tu empresa","publisher":{"@id":"https:\/\/nimbox.com\/#organization"},"potentialAction":[{"@type":"SearchAction","target":{"@type":"EntryPoint","urlTemplate":"https:\/\/nimbox.com\/?s={search_term_string}"},"query-input":"required name=search_term_string"}],"inLanguage":"es"},{"@type":"Organization","@id":"https:\/\/nimbox.com\/#organization","name":"nimbox","url":"https:\/\/nimbox.com\/","logo":{"@type":"ImageObject","inLanguage":"es","@id":"https:\/\/nimbox.com\/#\/schema\/logo\/image\/","url":"https:\/\/nimbox.com\/wp-content\/uploads\/2021\/02\/nimbox-icon-color.svg","contentUrl":"https:\/\/nimbox.com\/wp-content\/uploads\/2021\/02\/nimbox-icon-color.svg","width":"1024","height":"1024","caption":"nimbox"},"image":{"@id":"https:\/\/nimbox.com\/#\/schema\/logo\/image\/"},"sameAs":["https:\/\/www.facebook.com\/nimbox","https:\/\/twitter.com\/nimbox","https:\/\/www.instagram.com\/nimboxdo","http:\/\/www.linkedin.com\/company\/nimbox-com"]}]}},"_links":{"self":[{"href":"https:\/\/nimbox.com\/es-ve\/wp-json\/wp\/v2\/pages\/2912","targetHints":{"allow":["GET"]}}],"collection":[{"href":"https:\/\/nimbox.com\/es-ve\/wp-json\/wp\/v2\/pages"}],"about":[{"href":"https:\/\/nimbox.com\/es-ve\/wp-json\/wp\/v2\/types\/page"}],"author":[{"embeddable":true,"href":"https:\/\/nimbox.com\/es-ve\/wp-json\/wp\/v2\/users\/4"}],"replies":[{"embeddable":true,"href":"https:\/\/nimbox.com\/es-ve\/wp-json\/wp\/v2\/comments?post=2912"}],"version-history":[{"count":31,"href":"https:\/\/nimbox.com\/es-ve\/wp-json\/wp\/v2\/pages\/2912\/revisions"}],"predecessor-version":[{"id":3813,"href":"https:\/\/nimbox.com\/es-ve\/wp-json\/wp\/v2\/pages\/2912\/revisions\/3813"}],"up":[{"embeddable":true,"href":"https:\/\/nimbox.com\/es-ve\/wp-json\/wp\/v2\/pages\/1034"}],"wp:attachment":[{"href":"https:\/\/nimbox.com\/es-ve\/wp-json\/wp\/v2\/media?parent=2912"}],"curies":[{"name":"wp","href":"https:\/\/api.w.org\/{rel}","templated":true}]}}