{"id":577,"date":"2021-02-10T18:36:20","date_gmt":"2021-02-10T18:36:20","guid":{"rendered":"https:\/\/nimbox.com\/apoyo-al-vendedor\/"},"modified":"2021-10-22T15:50:23","modified_gmt":"2021-10-22T15:50:23","slug":"apoyo-al-vendedor","status":"publish","type":"page","link":"https:\/\/nimbox.com\/es-ve\/aplicaciones\/apoyo-al-vendedor\/","title":{"rendered":"Apoyo al Vendedor"},"content":{"rendered":"<p>[et_pb_section fb_built=\u00bb1&#8243; fullwidth=\u00bbon\u00bb _builder_version=\u00bb4.8.2&#8243; _module_preset=\u00bbdefault\u00bb][et_pb_fullwidth_header title=\u00bbAPOYO AL VENDEDOR\u00bb button_one_text=\u00bbCont\u00e1ctanos\u00bb button_one_url=\u00bb@ET-DC@eyJkeW5hbWljIjp0cnVlLCJjb250ZW50IjoicG9zdF9saW5rX3VybF9wYWdlIiwic2V0dGluZ3MiOnsicG9zdF9pZCI6IjUwMCJ9fQ==@\u00bb _builder_version=\u00bb4.9.0&#8243; _dynamic_attributes=\u00bbbutton_one_url\u00bb _module_preset=\u00bbdefault\u00bb background_image=\u00bbhttps:\/\/nimbox.com\/wp-content\/uploads\/2021\/02\/banner-rep.jpg\u00bb]<\/p>\n<p>Estar llamando a la oficina para que te den informaci\u00f3n de tus clientes es \u00ab<em>tan del siglo pasado<\/em>.\u00bb<\/p>\n<p>&nbsp;<\/p>\n<p>[\/et_pb_fullwidth_header][\/et_pb_section][et_pb_section fb_built=\u00bb1&#8243; _builder_version=\u00bb4.8.2&#8243; _module_preset=\u00bbdefault\u00bb][et_pb_row _builder_version=\u00bb4.9.0&#8243; _module_preset=\u00bbdefault\u00bb locked=\u00bboff\u00bb][et_pb_column type=\u00bb4_4&#8243; _builder_version=\u00bb4.9.0&#8243; _module_preset=\u00bbdefault\u00bb][et_pb_text _builder_version=\u00bb4.9.0&#8243; _module_preset=\u00bbdefault\u00bb width=\u00bb75%\u00bb module_alignment=\u00bbcenter\u00bb]<\/p>\n<h1 class=\"text-center\" style=\"text-align: center;\"><strong>Vender no es s\u00f3lo facturar!<\/strong><\/h1>\n<h1 class=\"text-center\" style=\"text-align: center;\">Vender requiere tener la informaci\u00f3n oportuna para: saber a qui\u00e9n visitar, qu\u00e9 ofrecer y resolver lo que est\u00e1 pendiente<\/h1>\n<p>[\/et_pb_text][et_pb_text _builder_version=\u00bb4.9.0&#8243; _module_preset=\u00bbdefault\u00bb width=\u00bb55%\u00bb module_alignment=\u00bbcenter\u00bb]<\/p>\n<p>Con<span>\u00a0<\/span><strong>nimbox<\/strong><span>\u00a0<\/span>es posible:<\/p>\n<ul>\n<li>Entender a cu\u00e1les clientes es necesario visitar, antes de montarse en el carro.<\/li>\n<li>Tener la informaci\u00f3n a la mano para saber que ofrecer, cuando tienes al cliente en frente.<\/li>\n<li>Estar encima del proceso, para \u00a1cerrar, cerrar, cerrar!<\/li>\n<li>Vender m\u00e1s, con menos esfuerzo.<\/li>\n<\/ul>\n<p>[\/et_pb_text][\/et_pb_column][\/et_pb_row][et_pb_row column_structure=\u00bb1_2,1_2&#8243; _builder_version=\u00bb4.8.2&#8243; _module_preset=\u00bbdefault\u00bb][et_pb_column type=\u00bb1_2&#8243; _builder_version=\u00bb4.8.2&#8243; _module_preset=\u00bbdefault\u00bb][et_pb_image src=\u00bbhttps:\/\/nimbox.com\/wp-content\/uploads\/2021\/02\/rep-mobile.png\u00bb title_text=\u00bbrep-mobile\u00bb align=\u00bbcenter\u00bb _builder_version=\u00bb4.9.0&#8243; _module_preset=\u00bbdefault\u00bb max_width=\u00bb350px\u00bb border_radii=\u00bbon|16px|16px|16px|16px\u00bb][\/et_pb_image][\/et_pb_column][et_pb_column type=\u00bb1_2&#8243; _builder_version=\u00bb4.8.2&#8243; _module_preset=\u00bbdefault\u00bb][et_pb_text _builder_version=\u00bb4.8.2&#8243; _module_preset=\u00bbdefault\u00bb]<\/p>\n<div class=\"et_pb_module et_pb_text et_pb_text_2  et_pb_text_align_left et_pb_bg_layout_light\">\n<div class=\"et_pb_text_inner\">\n<h2>Mant\u00e9n en tu celular, las facturas, pagos, notas y tareas de todos tus clientes<\/h2>\n<\/div>\n<\/div>\n<div class=\"et_pb_module et_pb_text et_pb_text_3  et_pb_text_align_left et_pb_bg_layout_light\">\n<div class=\"et_pb_text_inner\">\n<p><span>No visites a un cliente sin antes revisar que est\u00e1 pendiente. Revisa en tu tel\u00e9fono la deuda y el detalle de cada factura.\u00a0Con muy poco esfuerzo completa tus tareas, anota cualquier dato interesante que te ayude en tu pr\u00f3xima visita.<\/span><\/p>\n<\/div>\n<\/div>\n<p>[\/et_pb_text][\/et_pb_column][\/et_pb_row][et_pb_row column_structure=\u00bb1_2,1_2&#8243; module_class=\u00bbcustom_row\u00bb _builder_version=\u00bb4.9.0&#8243; _module_preset=\u00bbdefault\u00bb][et_pb_column type=\u00bb1_2&#8243; module_class=\u00bbsecond-on-mobile\u00bb _builder_version=\u00bb4.9.0&#8243; _module_preset=\u00bbdefault\u00bb][et_pb_text _builder_version=\u00bb4.9.0&#8243; _module_preset=\u00bbdefault\u00bb locked=\u00bboff\u00bb]<\/p>\n<div class=\"et_pb_module et_pb_text et_pb_text_2  et_pb_text_align_left et_pb_bg_layout_light\">\n<div class=\"et_pb_text_inner\">\n<div class=\"et_pb_module et_pb_text et_pb_text_4  et_pb_text_align_left et_pb_bg_layout_light\">\n<div class=\"et_pb_text_inner\">\n<h2>Realiza pedidos y\u00a0 recibos de pagos desde tu m\u00f3vil<\/h2>\n<\/div>\n<\/div>\n<\/div>\n<\/div>\n<div class=\"et_pb_module et_pb_text et_pb_text_3  et_pb_text_align_left et_pb_bg_layout_light\">\n<div class=\"et_pb_text_inner\">\n<p><span>Ya no es necesario llamar a la oficina para que le env\u00eden los estados de cuenta al cliente, agiliza el proceso y env\u00edalos por email o whatsapp si quieres.<\/span><\/p>\n<\/div>\n<\/div>\n<p>[\/et_pb_text][\/et_pb_column][et_pb_column type=\u00bb1_2&#8243; module_class=\u00bbfirst-on-mobile\u00bb _builder_version=\u00bb4.9.0&#8243; _module_preset=\u00bbdefault\u00bb custom_padding_tablet=\u00bb||30px||false|false\u00bb custom_padding_phone=\u00bb||30px||false|false\u00bb custom_padding_last_edited=\u00bbon|phone\u00bb][et_pb_image src=\u00bbhttps:\/\/nimbox.com\/wp-content\/uploads\/2021\/02\/rep-orders.png\u00bb title_text=\u00bbrep-orders\u00bb align=\u00bbcenter\u00bb _builder_version=\u00bb4.9.0&#8243; _module_preset=\u00bbdefault\u00bb max_width=\u00bb350px\u00bb border_radii=\u00bbon|16px|16px|16px|16px\u00bb][\/et_pb_image][\/et_pb_column][\/et_pb_row][et_pb_row column_structure=\u00bb1_2,1_2&#8243; _builder_version=\u00bb4.8.2&#8243; _module_preset=\u00bbdefault\u00bb][et_pb_column type=\u00bb1_2&#8243; _builder_version=\u00bb4.8.2&#8243; _module_preset=\u00bbdefault\u00bb][et_pb_image src=\u00bbhttps:\/\/nimbox.com\/wp-content\/uploads\/2021\/02\/rep-geolocalization.png\u00bb title_text=\u00bbrep-geolocalization\u00bb align=\u00bbcenter\u00bb _builder_version=\u00bb4.9.0&#8243; _module_preset=\u00bbdefault\u00bb max_width=\u00bb350px\u00bb border_radii=\u00bbon|16px|16px|16px|16px\u00bb][\/et_pb_image][\/et_pb_column][et_pb_column type=\u00bb1_2&#8243; _builder_version=\u00bb4.8.2&#8243; _module_preset=\u00bbdefault\u00bb][et_pb_text _builder_version=\u00bb4.8.2&#8243; _module_preset=\u00bbdefault\u00bb]<\/p>\n<div class=\"et_pb_with_border et_pb_module et_pb_text et_pb_text_8  et_pb_text_align_left et_pb_bg_layout_light\">\n<div class=\"et_pb_text_inner\"><\/div>\n<\/div>\n<div class=\"et_pb_with_border et_pb_module et_pb_text et_pb_text_9  et_pb_text_align_left et_pb_bg_layout_light\">\n<div class=\"et_pb_text_inner\">\n<div class=\"et_pb_with_border et_pb_module et_pb_text et_pb_text_8  et_pb_text_align_left et_pb_bg_layout_light\">\n<div class=\"et_pb_text_inner\">\n<div class=\"et_pb_module et_pb_text et_pb_text_6  et_pb_text_align_left et_pb_bg_layout_light\">\n<div class=\"et_pb_text_inner\">\n<h2>Ubica a tus clientes en un mapa y verifica qu\u00e9 oportunidad de ventas tienes cerca<\/h2>\n<\/div>\n<\/div>\n<div class=\"et_pb_module et_pb_text et_pb_text_7  et_pb_text_align_left et_pb_bg_layout_light\">\n<div class=\"et_pb_text_inner\">\n<p><span>Aprovecha al m\u00e1ximo la ruta que te has planificado. Cada minuto es valioso para vender, guarda la ubicaci\u00f3n de los clientes para saber quienes est\u00e1n cerca y si hay oportunidad de generar m\u00e1s ventas.<\/span><\/p>\n<\/div>\n<\/div>\n<\/div>\n<\/div>\n<div class=\"et_pb_with_border et_pb_module et_pb_text et_pb_text_9  et_pb_text_align_left et_pb_bg_layout_light\">\n<div class=\"et_pb_text_inner\">\n<p><span><\/span><\/p>\n<\/div>\n<\/div>\n<\/div>\n<\/div>\n<p>[\/et_pb_text][\/et_pb_column][\/et_pb_row][\/et_pb_section][et_pb_section fb_built=\u00bb1&#8243; fullwidth=\u00bbon\u00bb _builder_version=\u00bb4.8.2&#8243; _module_preset=\u00bbdefault\u00bb use_background_color_gradient=\u00bbon\u00bb background_color_gradient_start=\u00bb#f7a019&#8243; background_color_gradient_end=\u00bb#f7d096&#8243;][et_pb_fullwidth_header text_orientation=\u00bbcenter\u00bb _builder_version=\u00bb4.9.7&#8243; _module_preset=\u00bbdefault\u00bb background_color=\u00bbRGBA(0,0,0,0)\u00bb hover_enabled=\u00bb0&#8243; button_one_text=\u00bbQuiero un demo\u00bb sticky_enabled=\u00bb0&#8243;]<\/p>\n<h2><strong>No pierdas tiempo en lo que no vende<\/strong><\/h2>\n<p>Instala la aplicaci\u00f3n de nimbox de apoyo al vendedor y observa c\u00f3mo los vendedores se potencian.<\/p>\n<p>[\/et_pb_fullwidth_header][\/et_pb_section][et_pb_section fb_built=\u00bb1&#8243; _builder_version=\u00bb4.8.2&#8243; _module_preset=\u00bbdefault\u00bb][et_pb_row _builder_version=\u00bb4.8.2&#8243; _module_preset=\u00bbdefault\u00bb][et_pb_column type=\u00bb4_4&#8243; _builder_version=\u00bb4.8.2&#8243; _module_preset=\u00bbdefault\u00bb][et_pb_text _builder_version=\u00bb4.8.2&#8243; _module_preset=\u00bbdefault\u00bb text_text_color=\u00bb#F7A019&#8243; header_2_text_color=\u00bb#F7A019&#8243;]<\/p>\n<h2 style=\"text-align: center;\">Las funcionalidades no se quedan en lo anterior<\/h2>\n<p>[\/et_pb_text][\/et_pb_column][\/et_pb_row][et_pb_row column_structure=\u00bb1_4,1_4,1_4,1_4&#8243; make_equal=\u00bbon\u00bb _builder_version=\u00bb4.8.2&#8243; _module_preset=\u00bbdefault\u00bb][et_pb_column type=\u00bb1_4&#8243; _builder_version=\u00bb4.8.2&#8243; _module_preset=\u00bbdefault\u00bb][et_pb_blurb use_icon=\u00bbon\u00bb font_icon=\u00bb%%70%%\u00bb icon_color=\u00bb#f7a019&#8243; use_icon_font_size=\u00bbon\u00bb icon_font_size=\u00bb64px\u00bb _builder_version=\u00bb4.8.2&#8243; _module_preset=\u00bbdefault\u00bb text_orientation=\u00bbcenter\u00bb]<\/p>\n<p>Revisa la lista de clientes con m\u00faltiples filtros para saber d\u00f3nde est\u00e1n las posibles ventas<\/p>\n<p>[\/et_pb_blurb][\/et_pb_column][et_pb_column type=\u00bb1_4&#8243; _builder_version=\u00bb4.8.2&#8243; _module_preset=\u00bbdefault\u00bb][et_pb_blurb use_icon=\u00bbon\u00bb font_icon=\u00bb%%255%%\u00bb icon_color=\u00bb#f7a019&#8243; use_icon_font_size=\u00bbon\u00bb icon_font_size=\u00bb64px\u00bb _builder_version=\u00bb4.8.2&#8243; _module_preset=\u00bbdefault\u00bb text_orientation=\u00bbcenter\u00bb locked=\u00bboff\u00bb]<\/p>\n<p><span>Mant\u00e9n actualizada la lista de tel\u00e9fonos, emails, direcciones y personas en tus clientes<\/span><\/p>\n<p>[\/et_pb_blurb][\/et_pb_column][et_pb_column type=\u00bb1_4&#8243; _builder_version=\u00bb4.8.2&#8243; _module_preset=\u00bbdefault\u00bb][et_pb_blurb use_icon=\u00bbon\u00bb font_icon=\u00bb%%232%%\u00bb icon_color=\u00bb#f7a019&#8243; use_icon_font_size=\u00bbon\u00bb icon_font_size=\u00bb64px\u00bb _builder_version=\u00bb4.8.2&#8243; _module_preset=\u00bbdefault\u00bb text_orientation=\u00bbcenter\u00bb locked=\u00bboff\u00bb]<\/p>\n<p><span>Sincroniza la informaci\u00f3n con la oficina para saber qu\u00e9 hay de nuevo, enviar pedidos o recibos de pago<\/span><\/p>\n<p>[\/et_pb_blurb][\/et_pb_column][et_pb_column type=\u00bb1_4&#8243; _builder_version=\u00bb4.8.2&#8243; _module_preset=\u00bbdefault\u00bb][et_pb_blurb use_icon=\u00bbon\u00bb font_icon=\u00bb%%158%%\u00bb icon_color=\u00bb#f7a019&#8243; use_icon_font_size=\u00bbon\u00bb icon_font_size=\u00bb64px\u00bb _builder_version=\u00bb4.8.2&#8243; _module_preset=\u00bbdefault\u00bb text_orientation=\u00bbcenter\u00bb locked=\u00bboff\u00bb]<\/p>\n<p><span>Revisa constantemente como vas para entender c\u00f3mo vas con tus comisiones<\/span><\/p>\n<p>[\/et_pb_blurb][\/et_pb_column][\/et_pb_row][et_pb_row column_structure=\u00bb1_4,1_4,1_4,1_4&#8243; make_equal=\u00bbon\u00bb _builder_version=\u00bb4.8.2&#8243; _module_preset=\u00bbdefault\u00bb locked=\u00bboff\u00bb][et_pb_column type=\u00bb1_4&#8243; _builder_version=\u00bb4.8.2&#8243; _module_preset=\u00bbdefault\u00bb][et_pb_blurb use_icon=\u00bbon\u00bb font_icon=\u00bb%%147%%\u00bb icon_color=\u00bb#f7a019&#8243; use_icon_font_size=\u00bbon\u00bb icon_font_size=\u00bb64px\u00bb _builder_version=\u00bb4.8.2&#8243; _module_preset=\u00bbdefault\u00bb text_orientation=\u00bbcenter\u00bb]<\/p>\n<p><span>Verifica lo \u00faltimo que pas\u00f3 en la oficina para saber si las facturas de tus clientes ya se procesaron<\/span><\/p>\n<p>[\/et_pb_blurb][\/et_pb_column][et_pb_column type=\u00bb1_4&#8243; _builder_version=\u00bb4.8.2&#8243; _module_preset=\u00bbdefault\u00bb][et_pb_blurb use_icon=\u00bbon\u00bb font_icon=\u00bb%%130%%\u00bb icon_color=\u00bb#f7a019&#8243; use_icon_font_size=\u00bbon\u00bb icon_font_size=\u00bb64px\u00bb _builder_version=\u00bb4.8.2&#8243; _module_preset=\u00bbdefault\u00bb text_orientation=\u00bbcenter\u00bb locked=\u00bboff\u00bb]<\/p>\n<p><span>Anota y asigna tareas relacionadas a tus clientes para que no se te pase nada<\/span><\/p>\n<p>[\/et_pb_blurb][\/et_pb_column][et_pb_column type=\u00bb1_4&#8243; _builder_version=\u00bb4.8.2&#8243; _module_preset=\u00bbdefault\u00bb][et_pb_blurb use_icon=\u00bbon\u00bb font_icon=\u00bb%%242%%\u00bb icon_color=\u00bb#f7a019&#8243; use_icon_font_size=\u00bbon\u00bb icon_font_size=\u00bb64px\u00bb _builder_version=\u00bb4.8.2&#8243; _module_preset=\u00bbdefault\u00bb text_orientation=\u00bbcenter\u00bb locked=\u00bboff\u00bb]<\/p>\n<p><span>Ten a la mano la lista de productos que m\u00e1s compran tus clientes, y la oportunidad de ofrecerle otros<\/span><\/p>\n<p>[\/et_pb_blurb][\/et_pb_column][et_pb_column type=\u00bb1_4&#8243; _builder_version=\u00bb4.8.2&#8243; _module_preset=\u00bbdefault\u00bb][et_pb_blurb use_icon=\u00bbon\u00bb font_icon=\u00bb%%123%%\u00bb icon_color=\u00bb#f7a019&#8243; use_icon_font_size=\u00bbon\u00bb icon_font_size=\u00bb64px\u00bb _builder_version=\u00bb4.8.2&#8243; _module_preset=\u00bbdefault\u00bb text_orientation=\u00bbcenter\u00bb locked=\u00bboff\u00bb]<\/p>\n<p><span>Revisa qu\u00e9 hay cerca de donde est\u00e1s para aprovechar el tiempo<\/span><\/p>\n<p>[\/et_pb_blurb][\/et_pb_column][\/et_pb_row][\/et_pb_section][et_pb_section fb_built=\u00bb1&#8243; module_id=\u00bbnimbox-call-to-action\u00bb _builder_version=\u00bb4.8.2&#8243; use_background_color_gradient=\u00bbon\u00bb background_color_gradient_start=\u00bb#b3b3b3&#8243; background_color_gradient_end=\u00bb#ffffff\u00bb][et_pb_row column_structure=\u00bb1_2,1_6,1_6,1_6&#8243; make_equal=\u00bbon\u00bb _builder_version=\u00bb4.8.2&#8243; _module_preset=\u00bbdefault\u00bb][et_pb_column type=\u00bb1_2&#8243; _builder_version=\u00bb4.8.2&#8243; _module_preset=\u00bbdefault\u00bb][et_pb_cta title=\u00bbLas aplicaciones de nimbox te permiten trabajar remotamente\u00bb _builder_version=\u00bb4.8.2&#8243; _module_preset=\u00bbdefault\u00bb header_text_color=\u00bb#6b3838&#8243; body_text_color=\u00bb#474747&#8243; use_background_color=\u00bboff\u00bb]<\/p>\n<p>En este momento hist\u00f3rico, donde trabajar remoto es una necesidad, las aplicaciones de nimbox te facilitan la gesti\u00f3n comercial de tu empresa.<\/p>\n<p>[\/et_pb_cta][\/et_pb_column][et_pb_column type=\u00bb1_6&#8243; _builder_version=\u00bb4.8.2&#8243; _module_preset=\u00bbdefault\u00bb][et_pb_blurb title=\u00bbWhatsapp\u00bb image=\u00bbhttps:\/\/nimbox.com\/wp-content\/uploads\/2021\/02\/action-whatsapp.svg\u00bb image_max_width=\u00bb50%\u00bb _builder_version=\u00bb4.9.0&#8243; _module_preset=\u00bbdefault\u00bb text_orientation=\u00bbcenter\u00bb]<\/p>\n<p>Preg\u00fantanos lo que quieras por WhatsApp.<\/p>\n<p><a href=\"https:\/\/wa.me\/+18299583192\">+1(849)4560007<\/a><\/p>\n<p>[\/et_pb_blurb][\/et_pb_column][et_pb_column type=\u00bb1_6&#8243; _builder_version=\u00bb4.8.2&#8243; _module_preset=\u00bbdefault\u00bb][et_pb_blurb title=\u00bbTel\u00e9fono\u00bb image=\u00bbhttps:\/\/nimbox.com\/wp-content\/uploads\/2021\/02\/action-phone.svg\u00bb image_max_width=\u00bb50%\u00bb _builder_version=\u00bb4.8.2&#8243; _module_preset=\u00bbdefault\u00bb text_orientation=\u00bbcenter\u00bb]<\/p>\n<p>Ll\u00e1manos para agendar una visita.<\/p>\n<p><a href=\"callto:+18095404082\">+1(809)540-4082<\/a><\/p>\n<p>[\/et_pb_blurb][\/et_pb_column][et_pb_column type=\u00bb1_6&#8243; _builder_version=\u00bb4.8.2&#8243; _module_preset=\u00bbdefault\u00bb][et_pb_blurb title=\u00bbEmail\u00bb image=\u00bbhttps:\/\/nimbox.com\/wp-content\/uploads\/2021\/02\/action-email.svg\u00bb image_max_width=\u00bb50%\u00bb _builder_version=\u00bb4.8.2&#8243; _module_preset=\u00bbdefault\u00bb text_orientation=\u00bbcenter\u00bb]<\/p>\n<p>Escribenos un email con cualquier duda que tengas.<\/p>\n<p><a href=\"mailto:info@nimbox.com\">info@nimbox.com<\/a><\/p>\n<p>[\/et_pb_blurb][\/et_pb_column][\/et_pb_row][\/et_pb_section]<\/p>\n","protected":false},"excerpt":{"rendered":"<p>Estar llamando a la oficina para que te den informaci\u00f3n de tus clientes es \u00abtan del siglo pasado.\u00bb &nbsp;Vender no es s\u00f3lo facturar! Vender requiere tener la informaci\u00f3n oportuna para: saber a qui\u00e9n visitar, qu\u00e9 ofrecer y resolver lo que est\u00e1 pendienteCon\u00a0nimbox\u00a0es posible: Entender a cu\u00e1les clientes es necesario visitar, antes de montarse en el [&hellip;]<\/p>\n","protected":false},"author":2,"featured_media":0,"parent":603,"menu_order":3,"comment_status":"closed","ping_status":"closed","template":"","meta":{"_et_pb_use_builder":"on","_et_pb_old_content":"","_et_gb_content_width":"","inline_featured_image":false,"footnotes":""},"class_list":["post-577","page","type-page","status-publish","hentry"],"yoast_head":"<!-- This site is optimized with the Yoast SEO Premium plugin v21.8 (Yoast SEO v21.8.1) - https:\/\/yoast.com\/wordpress\/plugins\/seo\/ -->\n<title>Apoyo al Vendedor - nimbox<\/title>\n<meta name=\"robots\" content=\"index, follow, max-snippet:-1, max-image-preview:large, max-video-preview:-1\" \/>\n<link rel=\"canonical\" href=\"https:\/\/nimbox.com\/es-ve\/aplicaciones\/apoyo-al-vendedor\/\" \/>\n<meta property=\"og:locale\" content=\"es_ES\" \/>\n<meta property=\"og:type\" content=\"article\" \/>\n<meta property=\"og:title\" content=\"Apoyo al Vendedor\" \/>\n<meta property=\"og:description\" content=\"Estar llamando a la oficina para que te den informaci\u00f3n de tus clientes es &quot;tan del siglo pasado.&quot; &nbsp;Vender no es s\u00f3lo facturar! Vender requiere tener la informaci\u00f3n oportuna para: saber a qui\u00e9n visitar, qu\u00e9 ofrecer y resolver lo que est\u00e1 pendienteCon\u00a0nimbox\u00a0es posible: Entender a cu\u00e1les clientes es necesario visitar, antes de montarse en el [&hellip;]\" \/>\n<meta property=\"og:url\" content=\"https:\/\/nimbox.com\/es-ve\/aplicaciones\/apoyo-al-vendedor\/\" \/>\n<meta property=\"og:site_name\" content=\"nimbox\" \/>\n<meta property=\"article:publisher\" content=\"https:\/\/www.facebook.com\/nimbox\" \/>\n<meta property=\"article:modified_time\" content=\"2021-10-22T15:50:23+00:00\" \/>\n<meta name=\"twitter:card\" content=\"summary_large_image\" \/>\n<meta name=\"twitter:site\" content=\"@nimbox\" \/>\n<meta name=\"twitter:label1\" content=\"Tiempo estimado de lectura\" \/>\n\t<meta name=\"twitter:data1\" content=\"8 minutos\" \/>\n<script type=\"application\/ld+json\" class=\"yoast-schema-graph\">{\"@context\":\"https:\/\/schema.org\",\"@graph\":[{\"@type\":\"WebPage\",\"@id\":\"https:\/\/nimbox.com\/es-ve\/aplicaciones\/apoyo-al-vendedor\/\",\"url\":\"https:\/\/nimbox.com\/es-ve\/aplicaciones\/apoyo-al-vendedor\/\",\"name\":\"Apoyo al Vendedor - nimbox\",\"isPartOf\":{\"@id\":\"https:\/\/nimbox.com\/#website\"},\"datePublished\":\"2021-02-10T18:36:20+00:00\",\"dateModified\":\"2021-10-22T15:50:23+00:00\",\"breadcrumb\":{\"@id\":\"https:\/\/nimbox.com\/es-ve\/aplicaciones\/apoyo-al-vendedor\/#breadcrumb\"},\"inLanguage\":\"es\",\"potentialAction\":[{\"@type\":\"ReadAction\",\"target\":[\"https:\/\/nimbox.com\/es-ve\/aplicaciones\/apoyo-al-vendedor\/\"]}]},{\"@type\":\"BreadcrumbList\",\"@id\":\"https:\/\/nimbox.com\/es-ve\/aplicaciones\/apoyo-al-vendedor\/#breadcrumb\",\"itemListElement\":[{\"@type\":\"ListItem\",\"position\":1,\"name\":\"Home\",\"item\":\"https:\/\/nimbox.com\/es-ve\/\"},{\"@type\":\"ListItem\",\"position\":2,\"name\":\"Aplicaciones\",\"item\":\"https:\/\/nimbox.com\/es-ve\/aplicaciones\/\"},{\"@type\":\"ListItem\",\"position\":3,\"name\":\"Apoyo al Vendedor\"}]},{\"@type\":\"WebSite\",\"@id\":\"https:\/\/nimbox.com\/#website\",\"url\":\"https:\/\/nimbox.com\/\",\"name\":\"nimbox\",\"description\":\"Un control remoto para tu empresa\",\"publisher\":{\"@id\":\"https:\/\/nimbox.com\/#organization\"},\"potentialAction\":[{\"@type\":\"SearchAction\",\"target\":{\"@type\":\"EntryPoint\",\"urlTemplate\":\"https:\/\/nimbox.com\/?s={search_term_string}\"},\"query-input\":\"required name=search_term_string\"}],\"inLanguage\":\"es\"},{\"@type\":\"Organization\",\"@id\":\"https:\/\/nimbox.com\/#organization\",\"name\":\"nimbox\",\"url\":\"https:\/\/nimbox.com\/\",\"logo\":{\"@type\":\"ImageObject\",\"inLanguage\":\"es\",\"@id\":\"https:\/\/nimbox.com\/#\/schema\/logo\/image\/\",\"url\":\"https:\/\/nimbox.com\/wp-content\/uploads\/2021\/02\/nimbox-icon-color.svg\",\"contentUrl\":\"https:\/\/nimbox.com\/wp-content\/uploads\/2021\/02\/nimbox-icon-color.svg\",\"width\":\"1024\",\"height\":\"1024\",\"caption\":\"nimbox\"},\"image\":{\"@id\":\"https:\/\/nimbox.com\/#\/schema\/logo\/image\/\"},\"sameAs\":[\"https:\/\/www.facebook.com\/nimbox\",\"https:\/\/twitter.com\/nimbox\",\"https:\/\/www.instagram.com\/nimboxdo\",\"http:\/\/www.linkedin.com\/company\/nimbox-com\"]}]}<\/script>\n<!-- \/ Yoast SEO Premium plugin. -->","yoast_head_json":{"title":"Apoyo al Vendedor - nimbox","robots":{"index":"index","follow":"follow","max-snippet":"max-snippet:-1","max-image-preview":"max-image-preview:large","max-video-preview":"max-video-preview:-1"},"canonical":"https:\/\/nimbox.com\/es-ve\/aplicaciones\/apoyo-al-vendedor\/","og_locale":"es_ES","og_type":"article","og_title":"Apoyo al Vendedor","og_description":"Estar llamando a la oficina para que te den informaci\u00f3n de tus clientes es \"tan del siglo pasado.\" &nbsp;Vender no es s\u00f3lo facturar! Vender requiere tener la informaci\u00f3n oportuna para: saber a qui\u00e9n visitar, qu\u00e9 ofrecer y resolver lo que est\u00e1 pendienteCon\u00a0nimbox\u00a0es posible: Entender a cu\u00e1les clientes es necesario visitar, antes de montarse en el [&hellip;]","og_url":"https:\/\/nimbox.com\/es-ve\/aplicaciones\/apoyo-al-vendedor\/","og_site_name":"nimbox","article_publisher":"https:\/\/www.facebook.com\/nimbox","article_modified_time":"2021-10-22T15:50:23+00:00","twitter_card":"summary_large_image","twitter_site":"@nimbox","twitter_misc":{"Tiempo estimado de lectura":"8 minutos"},"schema":{"@context":"https:\/\/schema.org","@graph":[{"@type":"WebPage","@id":"https:\/\/nimbox.com\/es-ve\/aplicaciones\/apoyo-al-vendedor\/","url":"https:\/\/nimbox.com\/es-ve\/aplicaciones\/apoyo-al-vendedor\/","name":"Apoyo al Vendedor - nimbox","isPartOf":{"@id":"https:\/\/nimbox.com\/#website"},"datePublished":"2021-02-10T18:36:20+00:00","dateModified":"2021-10-22T15:50:23+00:00","breadcrumb":{"@id":"https:\/\/nimbox.com\/es-ve\/aplicaciones\/apoyo-al-vendedor\/#breadcrumb"},"inLanguage":"es","potentialAction":[{"@type":"ReadAction","target":["https:\/\/nimbox.com\/es-ve\/aplicaciones\/apoyo-al-vendedor\/"]}]},{"@type":"BreadcrumbList","@id":"https:\/\/nimbox.com\/es-ve\/aplicaciones\/apoyo-al-vendedor\/#breadcrumb","itemListElement":[{"@type":"ListItem","position":1,"name":"Home","item":"https:\/\/nimbox.com\/es-ve\/"},{"@type":"ListItem","position":2,"name":"Aplicaciones","item":"https:\/\/nimbox.com\/es-ve\/aplicaciones\/"},{"@type":"ListItem","position":3,"name":"Apoyo al Vendedor"}]},{"@type":"WebSite","@id":"https:\/\/nimbox.com\/#website","url":"https:\/\/nimbox.com\/","name":"nimbox","description":"Un control remoto para tu empresa","publisher":{"@id":"https:\/\/nimbox.com\/#organization"},"potentialAction":[{"@type":"SearchAction","target":{"@type":"EntryPoint","urlTemplate":"https:\/\/nimbox.com\/?s={search_term_string}"},"query-input":"required name=search_term_string"}],"inLanguage":"es"},{"@type":"Organization","@id":"https:\/\/nimbox.com\/#organization","name":"nimbox","url":"https:\/\/nimbox.com\/","logo":{"@type":"ImageObject","inLanguage":"es","@id":"https:\/\/nimbox.com\/#\/schema\/logo\/image\/","url":"https:\/\/nimbox.com\/wp-content\/uploads\/2021\/02\/nimbox-icon-color.svg","contentUrl":"https:\/\/nimbox.com\/wp-content\/uploads\/2021\/02\/nimbox-icon-color.svg","width":"1024","height":"1024","caption":"nimbox"},"image":{"@id":"https:\/\/nimbox.com\/#\/schema\/logo\/image\/"},"sameAs":["https:\/\/www.facebook.com\/nimbox","https:\/\/twitter.com\/nimbox","https:\/\/www.instagram.com\/nimboxdo","http:\/\/www.linkedin.com\/company\/nimbox-com"]}]}},"_links":{"self":[{"href":"https:\/\/nimbox.com\/es-ve\/wp-json\/wp\/v2\/pages\/577","targetHints":{"allow":["GET"]}}],"collection":[{"href":"https:\/\/nimbox.com\/es-ve\/wp-json\/wp\/v2\/pages"}],"about":[{"href":"https:\/\/nimbox.com\/es-ve\/wp-json\/wp\/v2\/types\/page"}],"author":[{"embeddable":true,"href":"https:\/\/nimbox.com\/es-ve\/wp-json\/wp\/v2\/users\/2"}],"replies":[{"embeddable":true,"href":"https:\/\/nimbox.com\/es-ve\/wp-json\/wp\/v2\/comments?post=577"}],"version-history":[{"count":15,"href":"https:\/\/nimbox.com\/es-ve\/wp-json\/wp\/v2\/pages\/577\/revisions"}],"predecessor-version":[{"id":2005,"href":"https:\/\/nimbox.com\/es-ve\/wp-json\/wp\/v2\/pages\/577\/revisions\/2005"}],"up":[{"embeddable":true,"href":"https:\/\/nimbox.com\/es-ve\/wp-json\/wp\/v2\/pages\/603"}],"wp:attachment":[{"href":"https:\/\/nimbox.com\/es-ve\/wp-json\/wp\/v2\/media?parent=577"}],"curies":[{"name":"wp","href":"https:\/\/api.w.org\/{rel}","templated":true}]}}