{"id":584,"date":"2021-02-10T22:32:35","date_gmt":"2021-02-10T22:32:35","guid":{"rendered":"https:\/\/nimbox.com\/terminos-de-uso\/"},"modified":"2021-02-12T16:24:04","modified_gmt":"2021-02-12T16:24:04","slug":"terminos-de-uso","status":"publish","type":"page","link":"https:\/\/nimbox.com\/es-ve\/terminos-de-uso\/","title":{"rendered":"T\u00e9rminos de Uso"},"content":{"rendered":"\n[et_pb_section fb_built=\u00bb1&#8243; _builder_version=\u00bb3.22&#8243;][et_pb_row _builder_version=\u00bb4.8.2&#8243; _module_preset=\u00bbdefault\u00bb][et_pb_column _builder_version=\u00bb4.8.2&#8243; _module_preset=\u00bbdefault\u00bb type=\u00bb4_4&#8243;][et_pb_text _builder_version=\u00bb4.8.2&#8243; _module_preset=\u00bbdefault\u00bb hover_enabled=\u00bb0&#8243; sticky_enabled=\u00bb0&#8243;]<h1 style=\"text-align: center;\">T\u00e9rminos de Uso<\/h1>\n<p style=\"text-align: center;\">Al utilizar este sitio web estas accediendo a los siguientes t\u00e9rminos<\/p>[\/et_pb_text][\/et_pb_column][\/et_pb_row][\/et_pb_section][et_pb_section fb_built=\u00bb1&#8243; _builder_version=\u00bb4.8.2&#8243; _module_preset=\u00bbdefault\u00bb][et_pb_row _builder_version=\u00bb4.8.2&#8243; _module_preset=\u00bbdefault\u00bb][et_pb_column _builder_version=\u00bb4.8.2&#8243; _module_preset=\u00bbdefault\u00bb type=\u00bb4_4&#8243;][et_pb_text _builder_version=\u00bb4.8.2&#8243; _module_preset=\u00bbdefault\u00bb hover_enabled=\u00bb0&#8243; sticky_enabled=\u00bb0&#8243;]<p><strong>1. T\u00e9rminos<br \/><\/strong>Al acceder este sitio web, usted queda obligado a estos T\u00e9rminos de Uso del sitio Web, todas las leyes y reglamentos aplicables, y acepta que es responsable del cumplimiento de las leyes locales aplicables. Si usted no est\u00e1 de acuerdo con cualquiera de estos t\u00e9rminos, est\u00e1 prohibido el uso o acceso a este sitio. Los materiales contenidos en este sitio web est\u00e1n protegidos por derechos de autor y derecho de marcas.<\/p>\n<p><strong>2. Licencia de uso<br \/><\/strong>Se concede permiso para descargar temporalmente una copia de los materiales (de informaci\u00f3n o software) del sitio Web de Nimbox Technologies LTD s\u00f3lo para uso personal, transitorio y no comercial. Esta es la concesi\u00f3n de una licencia, no una transferencia de t\u00edtulo, y bajo esta licencia no podr\u00e1: modificar o copiar el material; utilizar los materiales para cualquier prop\u00f3sito comercial, o para cualquier exhibici\u00f3n p\u00fablica (comercial o no comercial); intentar descompilar o realizar ingenier\u00eda inversa a cualquier software contenido en el sitio Web de Nimbox Technologies LTD; eliminar cualquier derecho de autor u otros notaciones de propiedad de los materiales; o transferir el material a otra persona o \u00bb espejo\u00bb de los materiales en cualquier otro servidor. Esta licencia terminar\u00e1 autom\u00e1ticamente si usted viola cualquiera de estas restricciones y puede ser denunciado por Nimbox Technologies LTD en cualquier momento. Despu\u00e9s de cancelar su visi\u00f3n de estos materiales o en la terminaci\u00f3n de esta licencia, deber\u00e1 destruir cualquier material descargado en su poder ya sea en formato electr\u00f3nico o impreso.<\/p>\n<p><strong>3. Renuncia<br \/><\/strong>Los materiales en el sitio web de la Nimbox Technologies LTD se proporcionan \u00abtal cual\u00bb. Nimbox Technologies LTD no ofrece ninguna garant\u00eda, expresa o impl\u00edcita, y por la presente renuncia y niega cualquier otra garant\u00eda, incluyendo sin limitaci\u00f3n, las garant\u00edas o condiciones impl\u00edcitas de comercializaci\u00f3n, idoneidad para un prop\u00f3sito particular o no infracci\u00f3n de la propiedad intelectual o cualquier otra violaci\u00f3n de los derechos. Adem\u00e1s, Nimbox Technologies LTD no garantiza ni hace ninguna representaci\u00f3n sobre la exactitud, los resultados probables, o la fiabilidad de la utilizaci\u00f3n de los materiales en su p\u00e1gina de Internet o de otro tipo relativa a los materiales o en cualquier sitio ligado a este sitio.<\/p>\n<p><strong>4. Limitaciones<\/strong><br \/>En ning\u00fan caso Nimbox Technologies LTD o sus proveedores ser\u00e1n responsables de ning\u00fan da\u00f1o (incluyendo, sin limitaci\u00f3n, da\u00f1os por p\u00e9rdida de datos o beneficios, o debido a la interrupci\u00f3n del negocio) que surjan del uso o la imposibilidad de usar los materiales en el sitio Internet de Nimbox Technologies LTD, aunque Nimbox Technologies LTD o un representante autorizado haya sido notificado en forma oral o por escrito de la posibilidad de tales da\u00f1os. Debido a que algunas jurisdicciones no permiten limitaciones sobre garant\u00edas impl\u00edcitas o limitaciones de responsabilidad por da\u00f1os indirectos o incidentales, estas limitaciones pueden no aplicarse en su caso.<\/p>\n<p><strong>5. Revisiones y errores<\/strong><br \/>Los materiales que aparecen en el sitio web de Nimbox Technologies LTD podr\u00eda incluir errores t\u00e9cnicos, tipogr\u00e1ficos o fotogr\u00e1ficos. Nimbox Technologies LTD no garantiza que cualquiera de los materiales en su sitio web sea precisa, completa o actualizada. Nimbox Technologies LTD puede hacer cambios a los materiales contenidos en su sitio web en cualquier momento sin previo aviso. Nimbox Technologies LTD no se compromete a actualizar los materiales.<\/p>\n<p><strong>6. Enlaces<\/strong><br \/>Nimbox Technologies LTD no ha revisado todos los sitios vinculados a su p\u00e1gina de Internet y no es responsable de los contenidos de dichos sitios. La inclusi\u00f3n de estos v\u00ednculos no implica aprobaci\u00f3n por parte Nimbox Technologies LTD del sitio. El uso de cualquier sitio web vinculado ocurre bajo el propio riesgo del usuario.<\/p>\n<p><strong>7. Modificaciones a estos t\u00e9rminos de uso<\/strong><br \/>Nimbox Technologies LTD puede revisar estos t\u00e9rminos de uso de su sitio web en cualquier momento sin previo aviso. Al usar este sitio web usted acepta que quedar\u00e1 vinculado por la versi\u00f3n actual de estos T\u00e9rminos de Uso. 8. Legislaci\u00f3n Cualquier reclamaci\u00f3n relacionada con el sitio Web de la Nimbox Technologies LTD se regir\u00e1 por las leyes del Estado de la Florida sin consideraci\u00f3n a su conflicto de disposiciones legales.<\/p>[\/et_pb_text][\/et_pb_column][\/et_pb_row][\/et_pb_section]\n","protected":false},"excerpt":{"rendered":"<p>T\u00e9rminos de Uso Al utilizar este sitio web estas accediendo a los siguientes t\u00e9rminos1. T\u00e9rminosAl acceder este sitio web, usted queda obligado a estos T\u00e9rminos de Uso del sitio Web, todas las leyes y reglamentos aplicables, y acepta que es responsable del cumplimiento de las leyes locales aplicables. Si usted no est\u00e1 de acuerdo con [&hellip;]<\/p>\n","protected":false},"author":2,"featured_media":0,"parent":0,"menu_order":0,"comment_status":"closed","ping_status":"closed","template":"","meta":{"_et_pb_use_builder":"on","_et_pb_old_content":"<!-- wp:heading -->\n<h2>Who we are<\/h2>\n<!-- \/wp:heading -->\n\n<!-- wp:paragraph -->\n<p>Our website address is: https:\/\/nimbox.com\/es\/.<\/p>\n<!-- \/wp:paragraph -->\n\n<!-- wp:heading -->\n<h2>What personal data we collect and why we collect it<\/h2>\n<!-- \/wp:heading -->\n\n<!-- wp:heading {\"level\":3} -->\n<h3>Comments<\/h3>\n<!-- \/wp:heading -->\n\n<!-- wp:paragraph -->\n<p>When visitors leave comments on the site we collect the data shown in the comments form, and also the visitor\u2019s IP address and browser user agent string to help spam detection.<\/p>\n<!-- \/wp:paragraph -->\n\n<!-- wp:paragraph -->\n<p>An anonymized string created from your email address (also called a hash) may be provided to the Gravatar service to see if you are using it. The Gravatar service privacy policy is available here: https:\/\/automattic.com\/privacy\/. After approval of your comment, your profile picture is visible to the public in the context of your comment.<\/p>\n<!-- \/wp:paragraph -->\n\n<!-- wp:heading {\"level\":3} -->\n<h3>Media<\/h3>\n<!-- \/wp:heading -->\n\n<!-- wp:paragraph -->\n<p>If you upload images to the website, you should avoid uploading images with embedded location data (EXIF GPS) included. Visitors to the website can download and extract any location data from images on the website.<\/p>\n<!-- \/wp:paragraph -->\n\n<!-- wp:heading {\"level\":3} -->\n<h3>Contact forms<\/h3>\n<!-- \/wp:heading -->\n\n<!-- wp:heading {\"level\":3} -->\n<h3>Cookies<\/h3>\n<!-- \/wp:heading -->\n\n<!-- wp:paragraph -->\n<p>If you leave a comment on our site you may opt-in to saving your name, email address and website in cookies. These are for your convenience so that you do not have to fill in your details again when you leave another comment. These cookies will last for one year.<\/p>\n<!-- \/wp:paragraph -->\n\n<!-- wp:paragraph -->\n<p>If you visit our login page, we will set a temporary cookie to determine if your browser accepts cookies. This cookie contains no personal data and is discarded when you close your browser.<\/p>\n<!-- \/wp:paragraph -->\n\n<!-- wp:paragraph -->\n<p>When you log in, we will also set up several cookies to save your login information and your screen display choices. Login cookies last for two days, and screen options cookies last for a year. If you select \"Remember Me\", your login will persist for two weeks. If you log out of your account, the login cookies will be removed.<\/p>\n<!-- \/wp:paragraph -->\n\n<!-- wp:paragraph -->\n<p>If you edit or publish an article, an additional cookie will be saved in your browser. This cookie includes no personal data and simply indicates the post ID of the article you just edited. It expires after 1 day.<\/p>\n<!-- \/wp:paragraph -->\n\n<!-- wp:heading {\"level\":3} -->\n<h3>Embedded content from other websites<\/h3>\n<!-- \/wp:heading -->\n\n<!-- wp:paragraph -->\n<p>Articles on this site may include embedded content (e.g. videos, images, articles, etc.). Embedded content from other websites behaves in the exact same way as if the visitor has visited the other website.<\/p>\n<!-- \/wp:paragraph -->\n\n<!-- wp:paragraph -->\n<p>These websites may collect data about you, use cookies, embed additional third-party tracking, and monitor your interaction with that embedded content, including tracking your interaction with the embedded content if you have an account and are logged in to that website.<\/p>\n<!-- \/wp:paragraph -->\n\n<!-- wp:heading {\"level\":3} -->\n<h3>Analytics<\/h3>\n<!-- \/wp:heading -->\n\n<!-- wp:heading -->\n<h2>Who we share your data with<\/h2>\n<!-- \/wp:heading -->\n\n<!-- wp:paragraph -->\n<p>If you request a password reset, your IP address will be included in the reset email.<\/p>\n<!-- \/wp:paragraph -->\n\n<!-- wp:heading -->\n<h2>How long we retain your data<\/h2>\n<!-- \/wp:heading -->\n\n<!-- wp:paragraph -->\n<p>If you leave a comment, the comment and its metadata are retained indefinitely. This is so we can recognize and approve any follow-up comments automatically instead of holding them in a moderation queue.<\/p>\n<!-- \/wp:paragraph -->\n\n<!-- wp:paragraph -->\n<p>For users that register on our website (if any), we also store the personal information they provide in their user profile. All users can see, edit, or delete their personal information at any time (except they cannot change their username). Website administrators can also see and edit that information.<\/p>\n<!-- \/wp:paragraph -->\n\n<!-- wp:heading -->\n<h2>What rights you have over your data<\/h2>\n<!-- \/wp:heading -->\n\n<!-- wp:paragraph -->\n<p>If you have an account on this site, or have left comments, you can request to receive an exported file of the personal data we hold about you, including any data you have provided to us. You can also request that we erase any personal data we hold about you. This does not include any data we are obliged to keep for administrative, legal, or security purposes.<\/p>\n<!-- \/wp:paragraph -->\n\n<!-- wp:heading -->\n<h2>Where we send your data<\/h2>\n<!-- \/wp:heading -->\n\n<!-- wp:paragraph -->\n<p>Visitor comments may be checked through an automated spam detection service.<\/p>\n<!-- \/wp:paragraph -->\n\n<!-- wp:heading -->\n<h2>Your contact information<\/h2>\n<!-- \/wp:heading -->\n\n<!-- wp:heading -->\n<h2>Additional information<\/h2>\n<!-- \/wp:heading -->\n\n<!-- wp:heading {\"level\":3} -->\n<h3>How we protect your data<\/h3>\n<!-- \/wp:heading -->\n\n<!-- wp:heading {\"level\":3} -->\n<h3>What data breach procedures we have in place<\/h3>\n<!-- \/wp:heading -->\n\n<!-- wp:heading {\"level\":3} -->\n<h3>What third parties we receive data from<\/h3>\n<!-- \/wp:heading -->\n\n<!-- wp:heading {\"level\":3} -->\n<h3>What automated decision making and\/or profiling we do with user data<\/h3>\n<!-- \/wp:heading -->\n\n<!-- wp:heading {\"level\":3} -->\n<h3>Industry regulatory disclosure requirements<\/h3>\n<!-- \/wp:heading -->","_et_gb_content_width":"","inline_featured_image":false,"footnotes":""},"class_list":["post-584","page","type-page","status-publish","hentry"],"yoast_head":"<!-- This site is optimized with the Yoast SEO Premium plugin v21.8 (Yoast SEO v21.8.1) - https:\/\/yoast.com\/wordpress\/plugins\/seo\/ -->\n<title>T\u00e9rminos de Uso - nimbox<\/title>\n<meta name=\"robots\" content=\"index, follow, max-snippet:-1, max-image-preview:large, max-video-preview:-1\" \/>\n<link rel=\"canonical\" href=\"https:\/\/nimbox.com\/es-ve\/terminos-de-uso\/\" \/>\n<meta property=\"og:locale\" content=\"es_ES\" \/>\n<meta property=\"og:type\" content=\"article\" \/>\n<meta property=\"og:title\" content=\"T\u00e9rminos de Uso\" \/>\n<meta property=\"og:description\" content=\"T\u00e9rminos de Uso Al utilizar este sitio web estas accediendo a los siguientes t\u00e9rminos1. T\u00e9rminosAl acceder este sitio web, usted queda obligado a estos T\u00e9rminos de Uso del sitio Web, todas las leyes y reglamentos aplicables, y acepta que es responsable del cumplimiento de las leyes locales aplicables. Si usted no est\u00e1 de acuerdo con [&hellip;]\" \/>\n<meta property=\"og:url\" content=\"https:\/\/nimbox.com\/es-ve\/terminos-de-uso\/\" \/>\n<meta property=\"og:site_name\" content=\"nimbox\" \/>\n<meta property=\"article:publisher\" content=\"https:\/\/www.facebook.com\/nimbox\" \/>\n<meta property=\"article:modified_time\" content=\"2021-02-12T16:24:04+00:00\" \/>\n<meta name=\"twitter:card\" content=\"summary_large_image\" \/>\n<meta name=\"twitter:site\" content=\"@nimbox\" \/>\n<meta name=\"twitter:label1\" content=\"Tiempo estimado de lectura\" \/>\n\t<meta name=\"twitter:data1\" content=\"4 minutos\" \/>\n<script type=\"application\/ld+json\" class=\"yoast-schema-graph\">{\"@context\":\"https:\/\/schema.org\",\"@graph\":[{\"@type\":\"WebPage\",\"@id\":\"https:\/\/nimbox.com\/es-ve\/terminos-de-uso\/\",\"url\":\"https:\/\/nimbox.com\/es-ve\/terminos-de-uso\/\",\"name\":\"T\u00e9rminos de Uso - nimbox\",\"isPartOf\":{\"@id\":\"https:\/\/nimbox.com\/#website\"},\"datePublished\":\"2021-02-10T22:32:35+00:00\",\"dateModified\":\"2021-02-12T16:24:04+00:00\",\"breadcrumb\":{\"@id\":\"https:\/\/nimbox.com\/es-ve\/terminos-de-uso\/#breadcrumb\"},\"inLanguage\":\"es\",\"potentialAction\":[{\"@type\":\"ReadAction\",\"target\":[\"https:\/\/nimbox.com\/es-ve\/terminos-de-uso\/\"]}]},{\"@type\":\"BreadcrumbList\",\"@id\":\"https:\/\/nimbox.com\/es-ve\/terminos-de-uso\/#breadcrumb\",\"itemListElement\":[{\"@type\":\"ListItem\",\"position\":1,\"name\":\"Home\",\"item\":\"https:\/\/nimbox.com\/es-ve\/\"},{\"@type\":\"ListItem\",\"position\":2,\"name\":\"T\u00e9rminos de Uso\"}]},{\"@type\":\"WebSite\",\"@id\":\"https:\/\/nimbox.com\/#website\",\"url\":\"https:\/\/nimbox.com\/\",\"name\":\"nimbox\",\"description\":\"Un control remoto para tu empresa\",\"publisher\":{\"@id\":\"https:\/\/nimbox.com\/#organization\"},\"potentialAction\":[{\"@type\":\"SearchAction\",\"target\":{\"@type\":\"EntryPoint\",\"urlTemplate\":\"https:\/\/nimbox.com\/?s={search_term_string}\"},\"query-input\":\"required name=search_term_string\"}],\"inLanguage\":\"es\"},{\"@type\":\"Organization\",\"@id\":\"https:\/\/nimbox.com\/#organization\",\"name\":\"nimbox\",\"url\":\"https:\/\/nimbox.com\/\",\"logo\":{\"@type\":\"ImageObject\",\"inLanguage\":\"es\",\"@id\":\"https:\/\/nimbox.com\/#\/schema\/logo\/image\/\",\"url\":\"https:\/\/nimbox.com\/wp-content\/uploads\/2021\/02\/nimbox-icon-color.svg\",\"contentUrl\":\"https:\/\/nimbox.com\/wp-content\/uploads\/2021\/02\/nimbox-icon-color.svg\",\"width\":\"1024\",\"height\":\"1024\",\"caption\":\"nimbox\"},\"image\":{\"@id\":\"https:\/\/nimbox.com\/#\/schema\/logo\/image\/\"},\"sameAs\":[\"https:\/\/www.facebook.com\/nimbox\",\"https:\/\/twitter.com\/nimbox\",\"https:\/\/www.instagram.com\/nimboxdo\",\"http:\/\/www.linkedin.com\/company\/nimbox-com\"]}]}<\/script>\n<!-- \/ Yoast SEO Premium plugin. -->","yoast_head_json":{"title":"T\u00e9rminos de Uso - nimbox","robots":{"index":"index","follow":"follow","max-snippet":"max-snippet:-1","max-image-preview":"max-image-preview:large","max-video-preview":"max-video-preview:-1"},"canonical":"https:\/\/nimbox.com\/es-ve\/terminos-de-uso\/","og_locale":"es_ES","og_type":"article","og_title":"T\u00e9rminos de Uso","og_description":"T\u00e9rminos de Uso Al utilizar este sitio web estas accediendo a los siguientes t\u00e9rminos1. T\u00e9rminosAl acceder este sitio web, usted queda obligado a estos T\u00e9rminos de Uso del sitio Web, todas las leyes y reglamentos aplicables, y acepta que es responsable del cumplimiento de las leyes locales aplicables. Si usted no est\u00e1 de acuerdo con [&hellip;]","og_url":"https:\/\/nimbox.com\/es-ve\/terminos-de-uso\/","og_site_name":"nimbox","article_publisher":"https:\/\/www.facebook.com\/nimbox","article_modified_time":"2021-02-12T16:24:04+00:00","twitter_card":"summary_large_image","twitter_site":"@nimbox","twitter_misc":{"Tiempo estimado de lectura":"4 minutos"},"schema":{"@context":"https:\/\/schema.org","@graph":[{"@type":"WebPage","@id":"https:\/\/nimbox.com\/es-ve\/terminos-de-uso\/","url":"https:\/\/nimbox.com\/es-ve\/terminos-de-uso\/","name":"T\u00e9rminos de Uso - nimbox","isPartOf":{"@id":"https:\/\/nimbox.com\/#website"},"datePublished":"2021-02-10T22:32:35+00:00","dateModified":"2021-02-12T16:24:04+00:00","breadcrumb":{"@id":"https:\/\/nimbox.com\/es-ve\/terminos-de-uso\/#breadcrumb"},"inLanguage":"es","potentialAction":[{"@type":"ReadAction","target":["https:\/\/nimbox.com\/es-ve\/terminos-de-uso\/"]}]},{"@type":"BreadcrumbList","@id":"https:\/\/nimbox.com\/es-ve\/terminos-de-uso\/#breadcrumb","itemListElement":[{"@type":"ListItem","position":1,"name":"Home","item":"https:\/\/nimbox.com\/es-ve\/"},{"@type":"ListItem","position":2,"name":"T\u00e9rminos de Uso"}]},{"@type":"WebSite","@id":"https:\/\/nimbox.com\/#website","url":"https:\/\/nimbox.com\/","name":"nimbox","description":"Un control remoto para tu empresa","publisher":{"@id":"https:\/\/nimbox.com\/#organization"},"potentialAction":[{"@type":"SearchAction","target":{"@type":"EntryPoint","urlTemplate":"https:\/\/nimbox.com\/?s={search_term_string}"},"query-input":"required name=search_term_string"}],"inLanguage":"es"},{"@type":"Organization","@id":"https:\/\/nimbox.com\/#organization","name":"nimbox","url":"https:\/\/nimbox.com\/","logo":{"@type":"ImageObject","inLanguage":"es","@id":"https:\/\/nimbox.com\/#\/schema\/logo\/image\/","url":"https:\/\/nimbox.com\/wp-content\/uploads\/2021\/02\/nimbox-icon-color.svg","contentUrl":"https:\/\/nimbox.com\/wp-content\/uploads\/2021\/02\/nimbox-icon-color.svg","width":"1024","height":"1024","caption":"nimbox"},"image":{"@id":"https:\/\/nimbox.com\/#\/schema\/logo\/image\/"},"sameAs":["https:\/\/www.facebook.com\/nimbox","https:\/\/twitter.com\/nimbox","https:\/\/www.instagram.com\/nimboxdo","http:\/\/www.linkedin.com\/company\/nimbox-com"]}]}},"_links":{"self":[{"href":"https:\/\/nimbox.com\/es-ve\/wp-json\/wp\/v2\/pages\/584","targetHints":{"allow":["GET"]}}],"collection":[{"href":"https:\/\/nimbox.com\/es-ve\/wp-json\/wp\/v2\/pages"}],"about":[{"href":"https:\/\/nimbox.com\/es-ve\/wp-json\/wp\/v2\/types\/page"}],"author":[{"embeddable":true,"href":"https:\/\/nimbox.com\/es-ve\/wp-json\/wp\/v2\/users\/2"}],"replies":[{"embeddable":true,"href":"https:\/\/nimbox.com\/es-ve\/wp-json\/wp\/v2\/comments?post=584"}],"version-history":[{"count":2,"href":"https:\/\/nimbox.com\/es-ve\/wp-json\/wp\/v2\/pages\/584\/revisions"}],"predecessor-version":[{"id":589,"href":"https:\/\/nimbox.com\/es-ve\/wp-json\/wp\/v2\/pages\/584\/revisions\/589"}],"wp:attachment":[{"href":"https:\/\/nimbox.com\/es-ve\/wp-json\/wp\/v2\/media?parent=584"}],"curies":[{"name":"wp","href":"https:\/\/api.w.org\/{rel}","templated":true}]}}