{"id":591,"date":"2021-02-10T22:34:15","date_gmt":"2021-02-10T22:34:15","guid":{"rendered":"https:\/\/nimbox.com\/politicas-de-privacidad\/"},"modified":"2021-02-12T16:32:54","modified_gmt":"2021-02-12T16:32:54","slug":"politicas-de-privacidad","status":"publish","type":"page","link":"https:\/\/nimbox.com\/es-ve\/politicas-de-privacidad\/","title":{"rendered":"Pol\u00edticas de Privacidad"},"content":{"rendered":"\n[et_pb_section fb_built=\u00bb1&#8243; _builder_version=\u00bb3.22&#8243;][et_pb_row _builder_version=\u00bb4.8.2&#8243; _module_preset=\u00bbdefault\u00bb][et_pb_column type=\u00bb4_4&#8243; _builder_version=\u00bb4.8.2&#8243; _module_preset=\u00bbdefault\u00bb][et_pb_text _builder_version=\u00bb4.8.2&#8243; _module_preset=\u00bbdefault\u00bb hover_enabled=\u00bb0&#8243; sticky_enabled=\u00bb0&#8243;]<h1 style=\"text-align: center;\">Pol\u00edticas de Privacidad<\/h1>\n<p style=\"text-align: center;\">En todo momento utilizaremos esta gu\u00eda para proteger tu seguridad<\/p>[\/et_pb_text][\/et_pb_column][\/et_pb_row][\/et_pb_section][et_pb_section fb_built=\u00bb1&#8243; _builder_version=\u00bb4.8.2&#8243; _module_preset=\u00bbdefault\u00bb][et_pb_row _builder_version=\u00bb4.8.2&#8243; _module_preset=\u00bbdefault\u00bb][et_pb_column type=\u00bb4_4&#8243; _builder_version=\u00bb4.8.2&#8243; _module_preset=\u00bbdefault\u00bb][et_pb_text _builder_version=\u00bb4.8.2&#8243; _module_preset=\u00bbdefault\u00bb hover_enabled=\u00bb0&#8243; sticky_enabled=\u00bb0&#8243;]<p><span>Su privacidad es muy importante para nosotros. En consecuencia, hemos desarrollado esta Pol\u00edtica para que usted pueda entender c\u00f3mo recopilamos, usamos, comunicamos, divulgamos y hacemos uso de la informaci\u00f3n personal. <\/span><\/p>\n<p><span>A continuaci\u00f3n se detalla nuestra pol\u00edtica de privacidad. <\/span><\/p>\n<p><span>Antes, o en el momento de recoger informaci\u00f3n personal, identificaremos los fines para los que est\u00e1 siendo recopilada. Vamos a recoger y utilizar la informaci\u00f3n personal \u00fanicamente con el objetivo de cumplir con los fines especificados por nosotros y para otros fines compatibles, a menos que obtener el consentimiento de la persona en cuesti\u00f3n o de lo requerido por la ley. <\/span><\/p>\n<p><span>S\u00f3lo se conservar\u00e1n los datos personales durante el tiempo necesario para el cumplimiento de dichos fines. Nosotros recogemos informaci\u00f3n personal por medios leg\u00edtimos y justos y, en su caso, con el conocimiento o consentimiento de la persona afectada. Los datos personales deben ser pertinentes a los fines para los que se va a utilizar, y, en la medida necesaria para esos fines, debe ser precisa, completa y actualizada a la fecha. <\/span><\/p>\n<p><span>Vamos a proteger la informaci\u00f3n personal de garant\u00edas razonables de seguridad contra p\u00e9rdida o robo, as\u00ed como el acceso no autorizado, revelaci\u00f3n, copia, uso o modificaci\u00f3n. <\/span><\/p>\n<p><span>Vamos a poner a disposici\u00f3n de los clientes informaci\u00f3n acerca de nuestras pol\u00edticas y pr\u00e1cticas relativas a la gesti\u00f3n de informaci\u00f3n personal. <\/span><\/p>\n<p><span>Estamos comprometidos a llevar a cabo nuestro negocio de acuerdo con estos principios con el fin de garantizar que la confidencialidad de la informaci\u00f3n personal est\u00e1 protegida y mantenida.<\/span><\/p>[\/et_pb_text][\/et_pb_column][\/et_pb_row][\/et_pb_section]\n","protected":false},"excerpt":{"rendered":"<p>Pol\u00edticas de Privacidad En todo momento utilizaremos esta gu\u00eda para proteger tu seguridadSu privacidad es muy importante para nosotros. En consecuencia, hemos desarrollado esta Pol\u00edtica para que usted pueda entender c\u00f3mo recopilamos, usamos, comunicamos, divulgamos y hacemos uso de la informaci\u00f3n personal. A continuaci\u00f3n se detalla nuestra pol\u00edtica de privacidad. Antes, o en el momento [&hellip;]<\/p>\n","protected":false},"author":2,"featured_media":0,"parent":0,"menu_order":0,"comment_status":"closed","ping_status":"closed","template":"","meta":{"_et_pb_use_builder":"on","_et_pb_old_content":"","_et_gb_content_width":"","inline_featured_image":false,"footnotes":""},"class_list":["post-591","page","type-page","status-publish","hentry"],"yoast_head":"<!-- This site is optimized with the Yoast SEO Premium plugin v21.8 (Yoast SEO v21.8.1) - https:\/\/yoast.com\/wordpress\/plugins\/seo\/ -->\n<title>Pol\u00edticas de Privacidad - nimbox<\/title>\n<meta name=\"robots\" content=\"index, follow, max-snippet:-1, max-image-preview:large, max-video-preview:-1\" \/>\n<link rel=\"canonical\" href=\"https:\/\/nimbox.com\/es-ve\/politicas-de-privacidad\/\" \/>\n<meta property=\"og:locale\" content=\"es_ES\" \/>\n<meta property=\"og:type\" content=\"article\" \/>\n<meta property=\"og:title\" content=\"Pol\u00edticas de Privacidad\" \/>\n<meta property=\"og:description\" content=\"Pol\u00edticas de Privacidad En todo momento utilizaremos esta gu\u00eda para proteger tu seguridadSu privacidad es muy importante para nosotros. En consecuencia, hemos desarrollado esta Pol\u00edtica para que usted pueda entender c\u00f3mo recopilamos, usamos, comunicamos, divulgamos y hacemos uso de la informaci\u00f3n personal. A continuaci\u00f3n se detalla nuestra pol\u00edtica de privacidad. Antes, o en el momento [&hellip;]\" \/>\n<meta property=\"og:url\" content=\"https:\/\/nimbox.com\/es-ve\/politicas-de-privacidad\/\" \/>\n<meta property=\"og:site_name\" content=\"nimbox\" \/>\n<meta property=\"article:publisher\" content=\"https:\/\/www.facebook.com\/nimbox\" \/>\n<meta property=\"article:modified_time\" content=\"2021-02-12T16:32:54+00:00\" \/>\n<meta name=\"twitter:card\" content=\"summary_large_image\" \/>\n<meta name=\"twitter:site\" content=\"@nimbox\" \/>\n<meta name=\"twitter:label1\" content=\"Tiempo estimado de lectura\" \/>\n\t<meta name=\"twitter:data1\" content=\"2 minutos\" \/>\n<script type=\"application\/ld+json\" class=\"yoast-schema-graph\">{\"@context\":\"https:\/\/schema.org\",\"@graph\":[{\"@type\":\"WebPage\",\"@id\":\"https:\/\/nimbox.com\/es-ve\/politicas-de-privacidad\/\",\"url\":\"https:\/\/nimbox.com\/es-ve\/politicas-de-privacidad\/\",\"name\":\"Pol\u00edticas de Privacidad - nimbox\",\"isPartOf\":{\"@id\":\"https:\/\/nimbox.com\/#website\"},\"datePublished\":\"2021-02-10T22:34:15+00:00\",\"dateModified\":\"2021-02-12T16:32:54+00:00\",\"breadcrumb\":{\"@id\":\"https:\/\/nimbox.com\/es-ve\/politicas-de-privacidad\/#breadcrumb\"},\"inLanguage\":\"es\",\"potentialAction\":[{\"@type\":\"ReadAction\",\"target\":[\"https:\/\/nimbox.com\/es-ve\/politicas-de-privacidad\/\"]}]},{\"@type\":\"BreadcrumbList\",\"@id\":\"https:\/\/nimbox.com\/es-ve\/politicas-de-privacidad\/#breadcrumb\",\"itemListElement\":[{\"@type\":\"ListItem\",\"position\":1,\"name\":\"Home\",\"item\":\"https:\/\/nimbox.com\/es-ve\/\"},{\"@type\":\"ListItem\",\"position\":2,\"name\":\"Pol\u00edticas de Privacidad\"}]},{\"@type\":\"WebSite\",\"@id\":\"https:\/\/nimbox.com\/#website\",\"url\":\"https:\/\/nimbox.com\/\",\"name\":\"nimbox\",\"description\":\"Un control remoto para tu empresa\",\"publisher\":{\"@id\":\"https:\/\/nimbox.com\/#organization\"},\"potentialAction\":[{\"@type\":\"SearchAction\",\"target\":{\"@type\":\"EntryPoint\",\"urlTemplate\":\"https:\/\/nimbox.com\/?s={search_term_string}\"},\"query-input\":\"required name=search_term_string\"}],\"inLanguage\":\"es\"},{\"@type\":\"Organization\",\"@id\":\"https:\/\/nimbox.com\/#organization\",\"name\":\"nimbox\",\"url\":\"https:\/\/nimbox.com\/\",\"logo\":{\"@type\":\"ImageObject\",\"inLanguage\":\"es\",\"@id\":\"https:\/\/nimbox.com\/#\/schema\/logo\/image\/\",\"url\":\"https:\/\/nimbox.com\/wp-content\/uploads\/2021\/02\/nimbox-icon-color.svg\",\"contentUrl\":\"https:\/\/nimbox.com\/wp-content\/uploads\/2021\/02\/nimbox-icon-color.svg\",\"width\":\"1024\",\"height\":\"1024\",\"caption\":\"nimbox\"},\"image\":{\"@id\":\"https:\/\/nimbox.com\/#\/schema\/logo\/image\/\"},\"sameAs\":[\"https:\/\/www.facebook.com\/nimbox\",\"https:\/\/twitter.com\/nimbox\",\"https:\/\/www.instagram.com\/nimboxdo\",\"http:\/\/www.linkedin.com\/company\/nimbox-com\"]}]}<\/script>\n<!-- \/ Yoast SEO Premium plugin. -->","yoast_head_json":{"title":"Pol\u00edticas de Privacidad - nimbox","robots":{"index":"index","follow":"follow","max-snippet":"max-snippet:-1","max-image-preview":"max-image-preview:large","max-video-preview":"max-video-preview:-1"},"canonical":"https:\/\/nimbox.com\/es-ve\/politicas-de-privacidad\/","og_locale":"es_ES","og_type":"article","og_title":"Pol\u00edticas de Privacidad","og_description":"Pol\u00edticas de Privacidad En todo momento utilizaremos esta gu\u00eda para proteger tu seguridadSu privacidad es muy importante para nosotros. En consecuencia, hemos desarrollado esta Pol\u00edtica para que usted pueda entender c\u00f3mo recopilamos, usamos, comunicamos, divulgamos y hacemos uso de la informaci\u00f3n personal. A continuaci\u00f3n se detalla nuestra pol\u00edtica de privacidad. Antes, o en el momento [&hellip;]","og_url":"https:\/\/nimbox.com\/es-ve\/politicas-de-privacidad\/","og_site_name":"nimbox","article_publisher":"https:\/\/www.facebook.com\/nimbox","article_modified_time":"2021-02-12T16:32:54+00:00","twitter_card":"summary_large_image","twitter_site":"@nimbox","twitter_misc":{"Tiempo estimado de lectura":"2 minutos"},"schema":{"@context":"https:\/\/schema.org","@graph":[{"@type":"WebPage","@id":"https:\/\/nimbox.com\/es-ve\/politicas-de-privacidad\/","url":"https:\/\/nimbox.com\/es-ve\/politicas-de-privacidad\/","name":"Pol\u00edticas de Privacidad - nimbox","isPartOf":{"@id":"https:\/\/nimbox.com\/#website"},"datePublished":"2021-02-10T22:34:15+00:00","dateModified":"2021-02-12T16:32:54+00:00","breadcrumb":{"@id":"https:\/\/nimbox.com\/es-ve\/politicas-de-privacidad\/#breadcrumb"},"inLanguage":"es","potentialAction":[{"@type":"ReadAction","target":["https:\/\/nimbox.com\/es-ve\/politicas-de-privacidad\/"]}]},{"@type":"BreadcrumbList","@id":"https:\/\/nimbox.com\/es-ve\/politicas-de-privacidad\/#breadcrumb","itemListElement":[{"@type":"ListItem","position":1,"name":"Home","item":"https:\/\/nimbox.com\/es-ve\/"},{"@type":"ListItem","position":2,"name":"Pol\u00edticas de Privacidad"}]},{"@type":"WebSite","@id":"https:\/\/nimbox.com\/#website","url":"https:\/\/nimbox.com\/","name":"nimbox","description":"Un control remoto para tu empresa","publisher":{"@id":"https:\/\/nimbox.com\/#organization"},"potentialAction":[{"@type":"SearchAction","target":{"@type":"EntryPoint","urlTemplate":"https:\/\/nimbox.com\/?s={search_term_string}"},"query-input":"required name=search_term_string"}],"inLanguage":"es"},{"@type":"Organization","@id":"https:\/\/nimbox.com\/#organization","name":"nimbox","url":"https:\/\/nimbox.com\/","logo":{"@type":"ImageObject","inLanguage":"es","@id":"https:\/\/nimbox.com\/#\/schema\/logo\/image\/","url":"https:\/\/nimbox.com\/wp-content\/uploads\/2021\/02\/nimbox-icon-color.svg","contentUrl":"https:\/\/nimbox.com\/wp-content\/uploads\/2021\/02\/nimbox-icon-color.svg","width":"1024","height":"1024","caption":"nimbox"},"image":{"@id":"https:\/\/nimbox.com\/#\/schema\/logo\/image\/"},"sameAs":["https:\/\/www.facebook.com\/nimbox","https:\/\/twitter.com\/nimbox","https:\/\/www.instagram.com\/nimboxdo","http:\/\/www.linkedin.com\/company\/nimbox-com"]}]}},"_links":{"self":[{"href":"https:\/\/nimbox.com\/es-ve\/wp-json\/wp\/v2\/pages\/591","targetHints":{"allow":["GET"]}}],"collection":[{"href":"https:\/\/nimbox.com\/es-ve\/wp-json\/wp\/v2\/pages"}],"about":[{"href":"https:\/\/nimbox.com\/es-ve\/wp-json\/wp\/v2\/types\/page"}],"author":[{"embeddable":true,"href":"https:\/\/nimbox.com\/es-ve\/wp-json\/wp\/v2\/users\/2"}],"replies":[{"embeddable":true,"href":"https:\/\/nimbox.com\/es-ve\/wp-json\/wp\/v2\/comments?post=591"}],"version-history":[{"count":2,"href":"https:\/\/nimbox.com\/es-ve\/wp-json\/wp\/v2\/pages\/591\/revisions"}],"predecessor-version":[{"id":596,"href":"https:\/\/nimbox.com\/es-ve\/wp-json\/wp\/v2\/pages\/591\/revisions\/596"}],"wp:attachment":[{"href":"https:\/\/nimbox.com\/es-ve\/wp-json\/wp\/v2\/media?parent=591"}],"curies":[{"name":"wp","href":"https:\/\/api.w.org\/{rel}","templated":true}]}}